{"id":870,"date":"2022-01-30T22:26:47","date_gmt":"2022-01-30T21:26:47","guid":{"rendered":"https:\/\/verbasana.com\/?page_id=870"},"modified":"2026-01-04T14:23:49","modified_gmt":"2026-01-04T13:23:49","slug":"clanarine","status":"publish","type":"page","link":"https:\/\/verbasana.com\/en\/clanarine\/","title":{"rendered":"Membership"},"content":{"rendered":"<section data-vc-full-width=\"true\" data-vc-full-width-init=\"false\" class=\"vc_section subpage-header vc_custom_1674828410366 vc_section-has-fill\"><\/section><div class=\"vc_row-full-width vc_clearfix\"><\/div><section class=\"vc_section\"><div class=\"vc_row wpb_row vc_row-fluid\"><div class=\"wpb_column vc_column_container vc_col-sm-12 vc_col-lg-offset-2 vc_col-lg-8 vc_col-md-offset-0 vc_col-md-12\"><div class=\"vc_column-inner\"><div class=\"wpb_wrapper\">\n\t<div class=\"wpb_text_column wpb_content_element  vc_custom_1664191073665\" >\n\t\t<div class=\"wpb_wrapper\">\n\t\t\t<h1>Prices<\/h1>\n\n\t\t<\/div>\n\t<\/div>\n<\/div><\/div><\/div><\/div><div class=\"vc_row wpb_row vc_row-fluid\"><div class=\"wpb_column vc_column_container vc_col-sm-8 vc_col-lg-offset-2 vc_col-lg-8 vc_col-md-offset-0 vc_col-md-12\"><div class=\"vc_column-inner\"><div class=\"wpb_wrapper\">\n\t<div class=\"wpb_raw_code wpb_content_element wpb_raw_html\" >\n\t\t<div class=\"wpb_wrapper\">\n\t\t\t<div class=\"clanarine-row\">\n  <span>Paket od 8 sati yoge <\/span>\n  <span>70\u20ac <\/span>\n<\/div>\n\t\t<\/div>\n\t<\/div>\n\n\t<div class=\"wpb_raw_code wpb_content_element wpb_raw_html\" >\n\t\t<div class=\"wpb_wrapper\">\n\t\t\t<div class=\"clanarine-row\">\n  <span>Paket od 4 sata yoge<\/span>\n  <span>50\u20ac<\/span>\n<\/div>\n\t\t<\/div>\n\t<\/div>\n\n\t<div class=\"wpb_raw_code wpb_content_element wpb_raw_html\" >\n\t\t<div class=\"wpb_wrapper\">\n\t\t\t<div class=\"clanarine-row\">\n  <span>Jedan dolazak (drop-in) <\/span>\n  <span>15\u20ac<\/span>\n<\/div>\n\t\t<\/div>\n\t<\/div>\n\n\t<div class=\"wpb_raw_code wpb_content_element wpb_raw_html\" >\n\t\t<div class=\"wpb_wrapper\">\n\t\t\t<div class=\"clanarine-row\">\n  <span>Individualni sat yoge<\/span>\n  <span>50\u20ac<\/span>\n<\/div>\n\t\t<\/div>\n\t<\/div>\n\n\t<div class=\"wpb_raw_code wpb_content_element wpb_raw_html\" >\n\t\t<div class=\"wpb_wrapper\">\n\t\t\t<div class=\"clanarine-row\">\n  <span>Poluindividualni sat yoge (dvije osobe)<\/span>\n  <span>70\u20ac<\/span>\n<\/div>\n\t\t<\/div>\n\t<\/div>\n\n\t<div class=\"wpb_raw_code wpb_content_element wpb_raw_html\" >\n\t\t<div class=\"wpb_wrapper\">\n\t\t\t<div class=\"clanarine-row\">\n  <span>Yoga za mame i bebe \/ 4 sata <\/span>\n  <span>50\u20ac<\/span>\n<\/div>\n\t\t<\/div>\n\t<\/div>\n\n\t<div class=\"wpb_raw_code wpb_content_element wpb_raw_html\" >\n\t\t<div class=\"wpb_wrapper\">\n\t\t\t<div class=\"clanarine-row\">\n  <span>Prenatal sat za trudnice \/ 4 sata <\/span>\n  <span>50\u20ac<\/span>\n<\/div>\n\t\t<\/div>\n\t<\/div>\n\n\t<div class=\"wpb_raw_code wpb_content_element wpb_raw_html\" >\n\t\t<div class=\"wpb_wrapper\">\n\t\t\t<div class=\"clanarine-row\">\n  <span>Bodywork tretman \/ masa\u017ea<\/span>\n  <span>50\u20ac<\/span>\n<\/div>\n\t\t<\/div>\n\t<\/div>\n\n\t<div class=\"wpb_raw_code wpb_content_element wpb_raw_html\" >\n\t\t<div class=\"wpb_wrapper\">\n\t\t\t<div class=\"clanarine-row\">\n  <span>Online yoga classes \/ unlimited monthly membership fee<\/span>\n  <span>50\u20ac<\/span>\n<\/div>\n\t\t<\/div>\n\t<\/div>\n<\/div><\/div><\/div><div class=\"wpb_column vc_column_container vc_col-sm-4\"><div class=\"vc_column-inner\"><div class=\"wpb_wrapper\"><\/div><\/div><\/div><\/div><\/section><div class=\"vc_row wpb_row vc_row-fluid\"><div class=\"wpb_column vc_column_container vc_col-sm-12 vc_col-lg-offset-2 vc_col-lg-8 vc_col-md-offset-0 vc_col-md-12\"><div class=\"vc_column-inner\"><div class=\"wpb_wrapper\">\n\t<div class=\"wpb_text_column wpb_content_element\" >\n\t\t<div class=\"wpb_wrapper\">\n\t\t\t<h2 data-start=\"95\" data-end=\"120\"><strong data-start=\"98\" data-end=\"120\">\u010clanarine i Uvjeti<\/strong><\/h2>\n<p data-start=\"122\" data-end=\"235\">Na\u0161i satovi yoge odr\u017eavaju se u <strong data-start=\"154\" data-end=\"235\">Verbasana Yoga studiju, Vla\u0161ka ulica 80 (kod Petrove crkve), Zagreb i online.<\/strong><\/p>\n<h3 data-start=\"237\" data-end=\"255\">\ud83c\udf93 <strong data-start=\"244\" data-end=\"255\">Popusti<\/strong><\/h3>\n<ul data-start=\"256\" data-end=\"499\">\n<li data-start=\"256\" data-end=\"325\">\n<p data-start=\"258\" data-end=\"325\">10% popusta za studente uz predo\u010denje va\u017ee\u0107e potvrde o studiranju<\/p>\n<\/li>\n<li data-start=\"326\" data-end=\"367\">\n<p data-start=\"328\" data-end=\"367\">10% popusta za nezaposlene uz potvrdu<\/p>\n<\/li>\n<li data-start=\"368\" data-end=\"411\">\n<p data-start=\"370\" data-end=\"411\">10% popusta za umirovljenike uz potvrdu<\/p>\n<\/li>\n<li data-start=\"412\" data-end=\"499\">\n<p data-start=\"414\" data-end=\"499\">10% popusta na paket od 10 individualnih sati yoge (iskoristiv u roku od 2 mjeseca)<\/p>\n<\/li>\n<\/ul>\n<p data-start=\"501\" data-end=\"567\"><em data-start=\"501\" data-end=\"567\">(Bez odgovaraju\u0107e potvrde, na\u017ealost, ne mo\u017eemo odobriti popust.)<\/em><\/p>\n<h3 data-start=\"569\" data-end=\"601\">\ud83e\uddd8\u200d\u2640\ufe0f <strong data-start=\"579\" data-end=\"601\">Probni i \u010dlanarine<\/strong><\/h3>\n<ul data-start=\"602\" data-end=\"920\">\n<li data-start=\"602\" data-end=\"650\">\n<p data-start=\"604\" data-end=\"650\">\u010clanarina vrijedi mjesec dana od dana kupnje<\/p>\n<\/li>\n<li data-start=\"651\" data-end=\"767\">\n<p data-start=\"653\" data-end=\"767\">U slu\u010daju da ne mo\u017eete prisustvovati satu, \u0161aljemo snimke kako biste mogli vje\u017ebati u vrijeme koje vama odgovara<\/p>\n<\/li>\n<li data-start=\"768\" data-end=\"848\">\n<p data-start=\"770\" data-end=\"848\">Nemamo besplatan probni sat, no uvijek ste dobrodo\u0161li do\u0107i na drop-in opciju<\/p>\n<\/li>\n<\/ul>\n<h3 data-start=\"922\" data-end=\"949\">\ud83d\udcb3 <strong data-start=\"929\" data-end=\"949\">Podaci za uplatu<\/strong><\/h3>\n<p data-start=\"950\" data-end=\"1074\">Verbasana \u2013 obrt za usluge i trgovinu<br data-start=\"987\" data-end=\"990\" \/>IBAN: <strong data-start=\"996\" data-end=\"1025\">HR40 2340 0091 1605 93742<\/strong><br data-start=\"1047\" data-end=\"1050\" \/>Svrha uplate: <strong data-start=\"1064\" data-end=\"1074\">PODUKA<\/strong><\/p>\n<hr data-start=\"1076\" data-end=\"1079\" \/>\n<h2 data-start=\"1081\" data-end=\"1117\"><strong data-start=\"1084\" data-end=\"1117\">Memberships &amp; Terms\u00a0<\/strong><\/h2>\n<p data-start=\"1119\" data-end=\"1233\">Our yoga classes are held at <strong data-start=\"1148\" data-end=\"1233\">Verbasana Yoga Studio, Vla\u0161ka ulica 80 (near Petrova Church), Zagreb, and online.<\/strong><\/p>\n<h3 data-start=\"1235\" data-end=\"1255\">\ud83c\udf93 <strong data-start=\"1242\" data-end=\"1255\">Discounts<\/strong><\/h3>\n<ul data-start=\"1256\" data-end=\"1505\">\n<li data-start=\"1256\" data-end=\"1311\">\n<p data-start=\"1258\" data-end=\"1311\">10% discount for students with valid proof of study<\/p>\n<\/li>\n<li data-start=\"1312\" data-end=\"1373\">\n<p data-start=\"1314\" data-end=\"1373\">10% discount for unemployed individuals with confirmation<\/p>\n<\/li>\n<li data-start=\"1374\" data-end=\"1421\">\n<p data-start=\"1376\" data-end=\"1421\">10% discount for retirees with confirmation<\/p>\n<\/li>\n<li data-start=\"1422\" data-end=\"1505\">\n<p data-start=\"1424\" data-end=\"1505\">10% discount on the package of 10 individual yoga sessions (valid for 2 months)<\/p>\n<\/li>\n<\/ul>\n<p data-start=\"1507\" data-end=\"1583\"><em data-start=\"1507\" data-end=\"1583\">(Unfortunately, we cannot apply the discount without valid documentation.)<\/em><\/p>\n<h3 data-start=\"1585\" data-end=\"1626\">\ud83e\uddd8\u200d\u2640\ufe0f <strong data-start=\"1595\" data-end=\"1626\">Trial &amp; Membership Policies<\/strong><\/h3>\n<ul data-start=\"1627\" data-end=\"1953\">\n<li data-start=\"1627\" data-end=\"1690\">\n<p data-start=\"1629\" data-end=\"1690\">Membership is valid for one month from the date of purchase<\/p>\n<\/li>\n<li data-start=\"1691\" data-end=\"1793\">\n<p data-start=\"1693\" data-end=\"1793\">If you cannot attend a class, we will send you a recording so you can practice at your convenience<\/p>\n<\/li>\n<li data-start=\"1794\" data-end=\"1880\">\n<p data-start=\"1796\" data-end=\"1880\">We do not offer a free trial class, but you are always welcome to join via drop-in<\/p>\n<\/li>\n<\/ul>\n<h3 data-start=\"1955\" data-end=\"1981\">\ud83d\udcb3 <strong data-start=\"1962\" data-end=\"1981\">Payment Details<\/strong><\/h3>\n<p data-start=\"1982\" data-end=\"2109\">Verbasana \u2013 obrt za usluge i trgovinu<br data-start=\"2019\" data-end=\"2022\" \/>IBAN: <strong data-start=\"2028\" data-end=\"2057\">HR40 2340 0091 1605 93742<\/strong><br data-start=\"2057\" data-end=\"2060\" \/>SWIFT: <strong data-start=\"2067\" data-end=\"2079\">PBZGHR2X<\/strong><br data-start=\"2079\" data-end=\"2082\" \/>Payment purpose: <strong data-start=\"2099\" data-end=\"2109\">PODUKA<\/strong><\/p>\n\n\t\t<\/div>\n\t<\/div>\n<\/div><\/div><\/div><\/div>","protected":false},"excerpt":{"rendered":"Cjenik Paket od 8 sati yoge 70\u20ac Paket od 4 sata yoge 50\u20ac Jedan dolazak (drop-in) 15\u20ac Individualni sat yoge 50\u20ac Poluindividualni sat yoge (dvije&hellip;","protected":false},"author":2,"featured_media":0,"parent":0,"menu_order":0,"comment_status":"closed","ping_status":"closed","template":"","meta":{"footnotes":""},"class_list":["post-870","page","type-page","status-publish","hentry"],"_links":{"self":[{"href":"https:\/\/verbasana.com\/en\/wp-json\/wp\/v2\/pages\/870","targetHints":{"allow":["GET"]}}],"collection":[{"href":"https:\/\/verbasana.com\/en\/wp-json\/wp\/v2\/pages"}],"about":[{"href":"https:\/\/verbasana.com\/en\/wp-json\/wp\/v2\/types\/page"}],"author":[{"embeddable":true,"href":"https:\/\/verbasana.com\/en\/wp-json\/wp\/v2\/users\/2"}],"replies":[{"embeddable":true,"href":"https:\/\/verbasana.com\/en\/wp-json\/wp\/v2\/comments?post=870"}],"version-history":[{"count":0,"href":"https:\/\/verbasana.com\/en\/wp-json\/wp\/v2\/pages\/870\/revisions"}],"wp:attachment":[{"href":"https:\/\/verbasana.com\/en\/wp-json\/wp\/v2\/media?parent=870"}],"curies":[{"name":"wp","href":"https:\/\/api.w.org\/{rel}","templated":true}]}}