{"id":833,"date":"2022-01-30T20:16:23","date_gmt":"2022-01-30T19:16:23","guid":{"rendered":"https:\/\/verbasana.com\/?page_id=833"},"modified":"2025-11-22T16:23:05","modified_gmt":"2025-11-22T15:23:05","slug":"yoga-retreati","status":"publish","type":"page","link":"https:\/\/verbasana.com\/en\/yoga-retreati\/","title":{"rendered":"Retreats"},"content":{"rendered":"<section data-vc-full-width=\"true\" data-vc-full-width-init=\"false\" class=\"vc_section subpage-header vc_custom_1643577228349 vc_section-has-fill\"><\/section><div class=\"vc_row-full-width vc_clearfix\"><\/div><section class=\"vc_section\"><div class=\"vc_row wpb_row vc_row-fluid\"><div class=\"wpb_column vc_column_container vc_col-sm-12 vc_col-lg-offset-2 vc_col-lg-8 vc_col-md-offset-0 vc_col-md-12\"><div class=\"vc_column-inner\"><div class=\"wpb_wrapper\">\n\t<div class=\"wpb_text_column wpb_content_element  vc_custom_1762509010301\" >\n\t\t<div class=\"wpb_wrapper\">\n\t\t\t\n\t\t<\/div>\n\t<\/div>\n\n\t<div class=\"wpb_text_column wpb_content_element\" >\n\t\t<div class=\"wpb_wrapper\">\n\t\t\t<h2 data-start=\"97\" data-end=\"135\">\ud83d\udd49\ufe0f Holistic Retreats<\/h2>\n<p data-start=\"151\" data-end=\"455\">In a world where finding a moment for yourself has become a rare luxury, it is more essential than ever to reconnect with the importance of self-care.<br data-start=\"301\" data-end=\"304\" \/>Several times a year, we joyfully organize yoga retreats designed for those who wish to unwind, recharge, and immerse themselves in the peace and beauty of nature.<\/p>\n<p data-start=\"457\" data-end=\"707\">Our retreats provide a truly nurturing experience, featuring serene forest walks, delicious vegetarian meals, daily yoga sessions, meditation, pranayama, relaxation techniques, sound therapy, holistic life coaching, massages, dancing, and chanting mantras.<\/p>\n<p data-start=\"709\" data-end=\"1200\">We are proud to host retreats worldwide, offering transformative experiences in some of the most beautiful and peaceful destinations. To date, we have organized and led holistic yoga retreats in Croatia (including at the country\u2019s highest peak and on its islands), Italy, Florida, India, and Bali.<br data-start=\"1069\" data-end=\"1072\" \/>We\u2019ve also hosted the Sea Cruise Retreat four times \u2014 an unforgettable Adriatic journey with Tatiana Cameron (Taj\u010di).<\/p>\n<h3 data-start=\"1202\" data-end=\"1260\">\ud83c\udf3f Save the Dates &amp; Join Our Retreats in 2025 \/ 2026<\/h3>\n<p data-start=\"1262\" data-end=\"1429\"><strong data-start=\"1262\" data-end=\"1312\">\u2744\ufe0f Winter Yoga Retreat \u2013 Gorski Kotar, Croatia<\/strong><br data-start=\"1312\" data-end=\"1315\" \/>\ud83d\udcc5 <em data-start=\"1318\" data-end=\"1340\">December 12\u201314, 2025<\/em><br data-start=\"1340\" data-end=\"1343\" \/>A peaceful winter weekend of yoga, meditation, and deep rest in the heart of nature.<\/p>\n<p data-start=\"1431\" data-end=\"1627\"><strong data-start=\"1431\" data-end=\"1477\">\ud83d\udd49\ufe0f Sacred Yoga Journey \u2013 Rishikesh, India<\/strong><br data-start=\"1477\" data-end=\"1480\" \/>\ud83d\udcc5 <em data-start=\"1483\" data-end=\"1512\">February 28 \u2013 March 7, 2026<\/em><br data-start=\"1512\" data-end=\"1515\" \/>A transformational retreat of yoga, inner healing, and spiritual connection at the foothills of the Himalayas.<\/p>\n<p data-start=\"1431\" data-end=\"1627\"><img loading=\"lazy\" decoding=\"async\" class=\"alignnone size-medium wp-image-1322\" src=\"https:\/\/verbasana.com\/wp-content\/uploads\/2025\/11\/Blue-White-and-Teal-Modern-City-Retreat-Instagram-Post-1-288x360.png\" alt=\"\" width=\"288\" height=\"360\" srcset=\"https:\/\/verbasana.com\/wp-content\/uploads\/2025\/11\/Blue-White-and-Teal-Modern-City-Retreat-Instagram-Post-1-288x360.png 288w, https:\/\/verbasana.com\/wp-content\/uploads\/2025\/11\/Blue-White-and-Teal-Modern-City-Retreat-Instagram-Post-1-454x567.png 454w, https:\/\/verbasana.com\/wp-content\/uploads\/2025\/11\/Blue-White-and-Teal-Modern-City-Retreat-Instagram-Post-1-768x960.png 768w, https:\/\/verbasana.com\/wp-content\/uploads\/2025\/11\/Blue-White-and-Teal-Modern-City-Retreat-Instagram-Post-1-10x12.png 10w, https:\/\/verbasana.com\/wp-content\/uploads\/2025\/11\/Blue-White-and-Teal-Modern-City-Retreat-Instagram-Post-1.png 1080w\" sizes=\"auto, (max-width: 288px) 100vw, 288px\" \/><\/p>\n<p data-start=\"1431\" data-end=\"1627\">\ud83c\udf35 <strong data-start=\"642\" data-end=\"678\">Healing Retreat \u2013 Oaxaca, Mexico<\/strong><br data-start=\"678\" data-end=\"681\" \/>\ud83d\udcc5 March 21\u201328, 2026<br data-start=\"701\" data-end=\"704\" \/>A deeply restorative coaching &amp; yoga retreat set in an authentic, grounding space in Oaxaca\u2014where tradition, healing, and slow living meet.<br data-start=\"843\" data-end=\"846\" \/>A week to reconnect with yourself, reset your nervous system, and step into clarity and intention.<\/p>\n<p data-start=\"1629\" data-end=\"1810\"><strong data-start=\"1629\" data-end=\"1670\">\ud83c\udf3a Holistic Retreat \u2013 Bali, Indonesia<\/strong><br data-start=\"1670\" data-end=\"1673\" \/>\ud83d\udcc5 <em data-start=\"1676\" data-end=\"1697\">October 12\u201318, 2025<\/em><br data-start=\"1697\" data-end=\"1700\" \/>\ud83d\udcc5 <em data-start=\"1703\" data-end=\"1724\">October 18\u201324, 2026<\/em><br data-start=\"1724\" data-end=\"1727\" \/>A soulful journey of yoga, nature, and nourishment on the magical island of Bali.<\/p>\n<p data-start=\"1812\" data-end=\"1881\"><img loading=\"lazy\" decoding=\"async\" class=\"alignnone size-medium wp-image-1321\" src=\"https:\/\/verbasana.com\/wp-content\/uploads\/2025\/11\/574574131_1430831168849976_8554427535756853789_n-360x360.jpg\" alt=\"\" width=\"360\" height=\"360\" srcset=\"https:\/\/verbasana.com\/wp-content\/uploads\/2025\/11\/574574131_1430831168849976_8554427535756853789_n-360x360.jpg 360w, https:\/\/verbasana.com\/wp-content\/uploads\/2025\/11\/574574131_1430831168849976_8554427535756853789_n-567x567.jpg 567w, https:\/\/verbasana.com\/wp-content\/uploads\/2025\/11\/574574131_1430831168849976_8554427535756853789_n-768x768.jpg 768w, https:\/\/verbasana.com\/wp-content\/uploads\/2025\/11\/574574131_1430831168849976_8554427535756853789_n-12x12.jpg 12w, https:\/\/verbasana.com\/wp-content\/uploads\/2025\/11\/574574131_1430831168849976_8554427535756853789_n.jpg 1440w\" sizes=\"auto, (max-width: 360px) 100vw, 360px\" \/><\/p>\n<p data-start=\"1812\" data-end=\"1881\">For more details, feel free to reach out at <strong data-start=\"1856\" data-end=\"1878\"><a class=\"decorated-link cursor-pointer\" rel=\"noopener\" data-start=\"1858\" data-end=\"1876\">info@verbasana.com<\/a><\/strong>.<\/p>\n<p data-start=\"1883\" data-end=\"2088\">\u2728 <em data-start=\"1885\" data-end=\"2033\">Join us on a journey of relaxation, discovery, and transformation \u2014 where you can reconnect with your inner peace and the healing power of nature.<\/em><br data-start=\"2033\" data-end=\"2036\" \/>We can\u2019t wait to share these experiences with you.<\/p>\n<h1><img loading=\"lazy\" decoding=\"async\" class=\"alignnone size-medium wp-image-1319\" src=\"https:\/\/verbasana.com\/wp-content\/uploads\/2025\/11\/548880788_10234178260091688_1524953794025043892_n-360x360.jpg\" alt=\"\" width=\"360\" height=\"360\" srcset=\"https:\/\/verbasana.com\/wp-content\/uploads\/2025\/11\/548880788_10234178260091688_1524953794025043892_n-360x360.jpg 360w, https:\/\/verbasana.com\/wp-content\/uploads\/2025\/11\/548880788_10234178260091688_1524953794025043892_n-567x567.jpg 567w, https:\/\/verbasana.com\/wp-content\/uploads\/2025\/11\/548880788_10234178260091688_1524953794025043892_n-768x768.jpg 768w, https:\/\/verbasana.com\/wp-content\/uploads\/2025\/11\/548880788_10234178260091688_1524953794025043892_n-12x12.jpg 12w, https:\/\/verbasana.com\/wp-content\/uploads\/2025\/11\/548880788_10234178260091688_1524953794025043892_n.jpg 1080w\" sizes=\"auto, (max-width: 360px) 100vw, 360px\" \/><img loading=\"lazy\" decoding=\"async\" class=\"alignnone size-medium wp-image-1320\" src=\"https:\/\/verbasana.com\/wp-content\/uploads\/2025\/11\/586451101_10238089904320964_6918696451541172281_n-429x360.jpg\" alt=\"\" width=\"429\" height=\"360\" srcset=\"https:\/\/verbasana.com\/wp-content\/uploads\/2025\/11\/586451101_10238089904320964_6918696451541172281_n-429x360.jpg 429w, https:\/\/verbasana.com\/wp-content\/uploads\/2025\/11\/586451101_10238089904320964_6918696451541172281_n-676x567.jpg 676w, https:\/\/verbasana.com\/wp-content\/uploads\/2025\/11\/586451101_10238089904320964_6918696451541172281_n-768x644.jpg 768w, https:\/\/verbasana.com\/wp-content\/uploads\/2025\/11\/586451101_10238089904320964_6918696451541172281_n-14x12.jpg 14w, https:\/\/verbasana.com\/wp-content\/uploads\/2025\/11\/586451101_10238089904320964_6918696451541172281_n.jpg 940w\" sizes=\"auto, (max-width: 429px) 100vw, 429px\" \/><\/h1>\n<h1>Holistic Retreat Florida 10\/2023<\/h1>\n<p><img loading=\"lazy\" decoding=\"async\" class=\"alignnone size-medium wp-image-1180\" src=\"https:\/\/verbasana.com\/wp-content\/uploads\/2024\/01\/FLORIDA-519x360.jpg\" alt=\"\" width=\"519\" height=\"360\" srcset=\"https:\/\/verbasana.com\/wp-content\/uploads\/2024\/01\/FLORIDA-519x360.jpg 519w, https:\/\/verbasana.com\/wp-content\/uploads\/2024\/01\/FLORIDA-818x567.jpg 818w, https:\/\/verbasana.com\/wp-content\/uploads\/2024\/01\/FLORIDA-768x532.jpg 768w, https:\/\/verbasana.com\/wp-content\/uploads\/2024\/01\/FLORIDA-1536x1065.jpg 1536w, https:\/\/verbasana.com\/wp-content\/uploads\/2024\/01\/FLORIDA-18x12.jpg 18w, https:\/\/verbasana.com\/wp-content\/uploads\/2024\/01\/FLORIDA.jpg 1943w\" sizes=\"auto, (max-width: 519px) 100vw, 519px\" \/><\/p>\n<h1>Yoga Retreat Gorski kotar 12-14.01.2024.:<\/h1>\n<p><a href=\"https:\/\/www.facebook.com\/events\/1373102686966235?locale=hr_HR\">https:\/\/www.facebook.com\/events\/1373102686966235?locale=hr_HR<\/a><\/p>\n<p><img loading=\"lazy\" decoding=\"async\" class=\"alignnone size-medium wp-image-1126\" src=\"https:\/\/verbasana.com\/wp-content\/uploads\/2023\/01\/fuzine-2022-0040-2-540x360.jpg\" alt=\"\" width=\"540\" height=\"360\" srcset=\"https:\/\/verbasana.com\/wp-content\/uploads\/2023\/01\/fuzine-2022-0040-2-540x360.jpg 540w, https:\/\/verbasana.com\/wp-content\/uploads\/2023\/01\/fuzine-2022-0040-2-851x567.jpg 851w, https:\/\/verbasana.com\/wp-content\/uploads\/2023\/01\/fuzine-2022-0040-2-768x512.jpg 768w, https:\/\/verbasana.com\/wp-content\/uploads\/2023\/01\/fuzine-2022-0040-2-1536x1024.jpg 1536w, https:\/\/verbasana.com\/wp-content\/uploads\/2023\/01\/fuzine-2022-0040-2-18x12.jpg 18w, https:\/\/verbasana.com\/wp-content\/uploads\/2023\/01\/fuzine-2022-0040-2.jpg 1920w\" sizes=\"auto, (max-width: 540px) 100vw, 540px\" \/><\/p>\n<h1>Holistic Retreat India, 23-30.03.2024.<\/h1>\n<p><img loading=\"lazy\" decoding=\"async\" class=\"alignnone size-medium wp-image-1164\" src=\"https:\/\/verbasana.com\/wp-content\/uploads\/2024\/01\/347587933_798890175377415_8318421779502257570_n-360x360.jpg\" alt=\"\" width=\"360\" height=\"360\" srcset=\"https:\/\/verbasana.com\/wp-content\/uploads\/2024\/01\/347587933_798890175377415_8318421779502257570_n-360x360.jpg 360w, https:\/\/verbasana.com\/wp-content\/uploads\/2024\/01\/347587933_798890175377415_8318421779502257570_n-567x567.jpg 567w, https:\/\/verbasana.com\/wp-content\/uploads\/2024\/01\/347587933_798890175377415_8318421779502257570_n-768x768.jpg 768w, https:\/\/verbasana.com\/wp-content\/uploads\/2024\/01\/347587933_798890175377415_8318421779502257570_n-12x12.jpg 12w, https:\/\/verbasana.com\/wp-content\/uploads\/2024\/01\/347587933_798890175377415_8318421779502257570_n.jpg 960w\" sizes=\"auto, (max-width: 360px) 100vw, 360px\" \/><\/p>\n<h1>Holistic Retreat Istria 05\/2024<\/h1>\n<p><img loading=\"lazy\" decoding=\"async\" class=\"alignnone size-medium wp-image-1179\" src=\"https:\/\/verbasana.com\/wp-content\/uploads\/2024\/01\/ISTRA-367x360.jpg\" alt=\"\" width=\"367\" height=\"360\" srcset=\"https:\/\/verbasana.com\/wp-content\/uploads\/2024\/01\/ISTRA-367x360.jpg 367w, https:\/\/verbasana.com\/wp-content\/uploads\/2024\/01\/ISTRA-579x567.jpg 579w, https:\/\/verbasana.com\/wp-content\/uploads\/2024\/01\/ISTRA-768x753.jpg 768w, https:\/\/verbasana.com\/wp-content\/uploads\/2024\/01\/ISTRA-12x12.jpg 12w, https:\/\/verbasana.com\/wp-content\/uploads\/2024\/01\/ISTRA.jpg 853w\" sizes=\"auto, (max-width: 367px) 100vw, 367px\" \/><\/p>\n<h1>Holistic Retreat Italy 06\/2024<\/h1>\n<p><img loading=\"lazy\" decoding=\"async\" class=\"size-medium wp-image-1163 alignnone\" src=\"https:\/\/verbasana.com\/wp-content\/uploads\/2024\/01\/1703171289103-370x360.jpg\" alt=\"\" width=\"370\" height=\"360\" srcset=\"https:\/\/verbasana.com\/wp-content\/uploads\/2024\/01\/1703171289103-370x360.jpg 370w, https:\/\/verbasana.com\/wp-content\/uploads\/2024\/01\/1703171289103-582x567.jpg 582w, https:\/\/verbasana.com\/wp-content\/uploads\/2024\/01\/1703171289103-768x748.jpg 768w, https:\/\/verbasana.com\/wp-content\/uploads\/2024\/01\/1703171289103-12x12.jpg 12w, https:\/\/verbasana.com\/wp-content\/uploads\/2024\/01\/1703171289103.jpg 1080w\" sizes=\"auto, (max-width: 370px) 100vw, 370px\" \/><\/p>\n<h1>Sea Cruise Retreat sa Taj\u010di 09\/2024<\/h1>\n<p>28.09.-05.10.2024.<\/p>\n<p><img loading=\"lazy\" decoding=\"async\" class=\"alignnone size-medium wp-image-1167\" src=\"https:\/\/verbasana.com\/wp-content\/uploads\/2024\/01\/1703171289113-365x360.jpg\" alt=\"\" width=\"365\" height=\"360\" srcset=\"https:\/\/verbasana.com\/wp-content\/uploads\/2024\/01\/1703171289113-365x360.jpg 365w, https:\/\/verbasana.com\/wp-content\/uploads\/2024\/01\/1703171289113-576x567.jpg 576w, https:\/\/verbasana.com\/wp-content\/uploads\/2024\/01\/1703171289113-768x757.jpg 768w, https:\/\/verbasana.com\/wp-content\/uploads\/2024\/01\/1703171289113-12x12.jpg 12w, https:\/\/verbasana.com\/wp-content\/uploads\/2024\/01\/1703171289113.jpg 1080w\" sizes=\"auto, (max-width: 365px) 100vw, 365px\" \/><\/p>\n<h1>Holistic Retreat Bali 12\/2024<\/h1>\n<p><img loading=\"lazy\" decoding=\"async\" class=\"size-medium wp-image-1162 alignnone\" src=\"https:\/\/verbasana.com\/wp-content\/uploads\/2024\/01\/1703171289125-360x360.jpg\" alt=\"\" width=\"360\" height=\"360\" srcset=\"https:\/\/verbasana.com\/wp-content\/uploads\/2024\/01\/1703171289125-360x360.jpg 360w, https:\/\/verbasana.com\/wp-content\/uploads\/2024\/01\/1703171289125-567x567.jpg 567w, https:\/\/verbasana.com\/wp-content\/uploads\/2024\/01\/1703171289125-768x768.jpg 768w, https:\/\/verbasana.com\/wp-content\/uploads\/2024\/01\/1703171289125-12x12.jpg 12w, https:\/\/verbasana.com\/wp-content\/uploads\/2024\/01\/1703171289125.jpg 1080w\" sizes=\"auto, (max-width: 360px) 100vw, 360px\" \/><\/p>\n<h1>Holistic Retreat India 02\/2025<\/h1>\n<p><img loading=\"lazy\" decoding=\"async\" class=\"alignnone size-medium wp-image-1194\" src=\"https:\/\/verbasana.com\/wp-content\/uploads\/2024\/02\/INDIA-2025-360x360.png\" alt=\"\" width=\"360\" height=\"360\" srcset=\"https:\/\/verbasana.com\/wp-content\/uploads\/2024\/02\/INDIA-2025-360x360.png 360w, https:\/\/verbasana.com\/wp-content\/uploads\/2024\/02\/INDIA-2025-567x567.png 567w, https:\/\/verbasana.com\/wp-content\/uploads\/2024\/02\/INDIA-2025-768x768.png 768w, https:\/\/verbasana.com\/wp-content\/uploads\/2024\/02\/INDIA-2025-12x12.png 12w, https:\/\/verbasana.com\/wp-content\/uploads\/2024\/02\/INDIA-2025.png 1080w\" sizes=\"auto, (max-width: 360px) 100vw, 360px\" \/><\/p>\n\n\t\t<\/div>\n\t<\/div>\n<div class=\"vc_empty_space\"   style=\"height: 50px\"><span class=\"vc_empty_space_inner\"><\/span><\/div>\n\t<div class=\"wpb_text_column wpb_content_element\" >\n\t\t<div class=\"wpb_wrapper\">\n\t\t\t<p><span style=\"font-size: 18px;\"><strong>TESTIMONIALS:<\/strong><\/span><\/p>\n\n\t\t<\/div>\n\t<\/div>\n\n\t<div class=\"wpb_text_column wpb_content_element\" >\n\t\t<div class=\"wpb_wrapper\">\n\t\t\t<p class=\"p1\">&#8220;I would like to thank for this great experience, for a chance to spend three days in wonderful Dinara with all of you. And for the way back with deep and meaningful conversations.<\/p>\n<p class=\"p1\">I got a lot of inspiration, a lot of positive energy and determination to work on myself. I&#8217;m really happy I could have shared this with you \ud83d\ude42 See you again!&#8221;<\/p>\n<p class=\"p1\">A.K.<\/p>\n<p class=\"p1\">&#8220;The calmness of the quiet and small Croatian village was awesome. It was quite an adventure to go there but once we&#8217;ve got there we really could reconnect to (cold and rough, though beautiful) nature in Fuzine. We enjoyed the food so much, especially in the simple things we found perfection \ud83d\ude09 Yoga was not too hard but refreshing, calming and detoxing. Even though it was a short weekend and we found ourselves a bit lost as the only people coming from outside of Croatia, we enjoyed the retreat very much.&#8221;<\/p>\n<p class=\"p1\">L.R.<\/p>\n<p class=\"p4\"><span class=\"s1\">&#8220;These stressful days calls for taking a breath and enjoy a short but much needed retreat! <\/span>The cold air, good people, good vibes, good food and most of all the support others without expecting anything in return but love.<br \/>\nI am thankful for having the opportunity to experience it :)&#8221;<\/p>\n<p class=\"p5\">N.S.<\/p>\n<p class=\"p1\">&#8220;Vratila sam se doma ispunjena mirom, ljubavi i slobodom, veseljem.. i da je ok biti ja kakva jesam &#8211; luda\u00a0sa snagom da mogu promijeniti sebe i svijet na bolje.<\/p>\n<p class=\"p1\">Uzela sam bez pitanja od svakog pone\u0161to. Pogled, rije\u010d, gestu, zagrljaj, suzu, bol, lave\u017e, vjetar, ti\u0161inu&#8230;\u00a0\u00a0Hvala na tome.<\/p>\n<p class=\"p1\">Jedva \u010dekam ponovni susret. Bilo gdje, bilo kad.&#8221;<\/p>\n<p class=\"p1\">V.<\/p>\n<p class=\"p1\">&#8220;Najbolja investicija u mom \u017eivotu. Ovo je bio godi\u0161nji koji je otprilike trajao 15-tak dana,\u00a0a ne tri. Tako sam ispunjena do\u0161la doma. Hvala Vam svima na svemu.<\/p>\n<p class=\"p1\">Hvala svima na prekrasnim slikama. Ovo \u0107u pokazivati unucima!!!&#8221;<\/p>\n<p class=\"p1\">D.<\/p>\n<p class=\"p1\">&#8220;\u010citam od jutros predivne mailove i gledam slike koje sti\u017eu i eto ovaj od moje drage prijateljice ba\u0161 me posebno dirnuo i sla\u017eem se u potpunosti.<\/p>\n<p class=\"p1\">Jutros sam komentirala da mi je bio jedan od ljep\u0161ih godi\u0161njih odmora u zadnjih par godina i doista je tako.<\/p>\n<p class=\"p1\">Svima Vam \u0161aljem veliku pusu i vjerujem da \u0107emo sigurno ponoviti to predivno iskustvo\u00a0:)&#8221;<\/p>\n<p class=\"p1\">T.<\/p>\n<p class=\"p1\">&#8220;Ovo mi nije bio prvi retreat, ali je definitivno jedan za pam\u0107enje. Do sada najljep\u0161a skupina dobrih du\u0161a, prekrasne energije. Sretna sam da sam vas upoznala i sigurna sam da se ponovno vidimo, ako ni\u0161ta, idu\u0107e godine ponovimo iskustvo i napravimo ga jo\u0161 boljim!!!<\/p>\n<p class=\"p1\">Ljubim vas sve!&#8221;<\/p>\n<p class=\"p1\">A.<\/p>\n<p class=\"p1\">&#8220;Ovo je meni prvi doga\u0111aj ovakve vrste i od ekipe, dru\u017eenja, vje\u017ebanja, smijeha, chilanja pa do energije i vibre&#8230;jedna rije\u010d&#8230;.neopisivo&#8230;Hvala Vam svima&#8230;srce i du\u0161a su puni :)&#8221;<\/p>\n<p class=\"p1\">B.<\/p>\n<p class=\"p1\">&#8220;Veliko\u00a0hvala svima, svaki od nas je dao svoj doprinos ovom prekrasnom vikendu i neizmjerno sam sretna i zahvalna da sam vas upoznala. Ponosna na sve jer svi ste pomaknuli svoje granice!! Veselim se nekoj novoj prilici i dru\u017eenju!! Hug svima\u00a0 &#8220;<\/p>\n<p class=\"p1\">V.<\/p>\n<p class=\"p1\">&#8220;Zaista je bio divan vikend i hvala vam svima na tome. Svladavanje strahova i pomicanje granica uz odmor i zezanciju me obnovio :)&#8221;<\/p>\n<p class=\"p1\">T.<\/p>\n<p class=\"p1\">&#8220;Hvala svima na predivnom dru\u0161tvu i \u010darobnom, nezaboravnom iskustvu! :)&#8221;<\/p>\n<p class=\"p1\">I.<\/p>\n<p class=\"p5\">\u201eDok sam se vozila doma s retreata shvatila sam da Vam se nisam zahvalila na super programu, organizaciji, dobroj volji, razumijevanju. Odradili ste odli\u010dan posao, moja briga je bila samo pojaviti se u dogovoreno vrijeme u na\u0161oj yoga shali. Nisam htjela propustiti niti jednu vje\u017ebu. Bili ste mi duhovni vodi\u010di to\u010dno kakvi su mi trebali u tom trenutku.. Od po\u010detka sam se osje\u0107ala kao kod ku\u0107e. Uspjeli ste stvoriti toplu, &#8220;svatko je dobrodo\u0161ao&#8221; atmosferu. Posebnu \u010dar na\u0161em dru\u017eenju dale su i prisutne pesice.<\/p>\n<p class=\"p5\">Smje\u0161taj je bio po mojoj mjeri, jednostavno, \u010disto, toplo, a najvi\u0161e mi se svidjelo \u0161to sam imala vlastitu kupaonu.<\/p>\n<p class=\"p5\">Hrana je bila mmmm, prefina, za prste polizati. Ma\u0161tovita, lagana, prava hrana za du\u0161u i tijelo.<\/p>\n<p class=\"p5\">Ba\u0161 ste me razmazili, u svakom pogledu, zato sam vam neizmjerno zahvalna.\u201c<\/p>\n<p class=\"p5\">I.K.<\/p>\n<p class=\"p8\">Ovaj retreat u Fu\u017einama bio mi je prekrasno iskustvo, koje mi je pru\u017eilo mnogo vi\u0161e od \u017eeljenog odmora: opu\u0161tanje, regeneraciju, iscjeljivanje, ali i mno\u0161tvo novih uvida, znanja, nova iskustva i poznanstva. Vrijeme je zaista imalo neku drugu dimenziju u ova tri dana \ud83d\ude42 Idealna lokacija usred \u0161ume, mir, predivan smje\u0161taj, \u017eivot u skladu s prirodom, dobar omjer aktivnosti joge i meditacije te aktivnog boravka u prirodi doprinijeli su ugodno ispunjenom, ali ne pretrpanom vikendu. Ako tra\u017eite odmak od u\u017eurbane svakodnevice, Izabelin i Svemirov retreat je idealan.<\/p>\n<p class=\"p8\">Hvala Izabeli i Svemiru &lt;3<\/p>\n<p class=\"p10\">A.K.F.<\/p>\n\n\t\t<\/div>\n\t<\/div>\n<\/div><\/div><\/div><\/div><div class=\"vc_row wpb_row vc_row-fluid\"><div class=\"wpb_column vc_column_container vc_col-sm-12\"><div class=\"vc_column-inner\"><div class=\"wpb_wrapper\"><div class=\"vc_row wpb_row vc_inner vc_row-fluid\"><div class=\"wpb_column vc_column_container vc_col-sm-3\"><div class=\"vc_column-inner\"><div class=\"wpb_wrapper\">\n\t<div  class=\"wpb_single_image wpb_content_element vc_align_left\">\n\t\t\n\t\t<figure class=\"wpb_wrapper vc_figure\">\n\t\t\t<div class=\"vc_single_image-wrapper   vc_box_border_grey\"><img loading=\"lazy\" decoding=\"async\" width=\"530\" height=\"360\" src=\"https:\/\/verbasana.com\/wp-content\/uploads\/2022\/01\/dinara-retreat-530x360.jpg\" class=\"vc_single_image-img attachment-medium\" alt=\"\" title=\"dinara retreat\" srcset=\"https:\/\/verbasana.com\/wp-content\/uploads\/2022\/01\/dinara-retreat-530x360.jpg 530w, https:\/\/verbasana.com\/wp-content\/uploads\/2022\/01\/dinara-retreat.jpg 580w\" sizes=\"auto, (max-width: 530px) 100vw, 530px\" \/><\/div>\n\t\t<\/figure>\n\t<\/div>\n<\/div><\/div><\/div><div class=\"wpb_column vc_column_container vc_col-sm-3\"><div class=\"vc_column-inner\"><div class=\"wpb_wrapper\">\n\t<div  class=\"wpb_single_image wpb_content_element vc_align_left\">\n\t\t\n\t\t<figure class=\"wpb_wrapper vc_figure\">\n\t\t\t<div class=\"vc_single_image-wrapper   vc_box_border_grey\"><img loading=\"lazy\" decoding=\"async\" width=\"526\" height=\"360\" src=\"https:\/\/verbasana.com\/wp-content\/uploads\/2022\/01\/cruise-526x360.jpg\" class=\"vc_single_image-img attachment-medium\" alt=\"\" title=\"cruise\" srcset=\"https:\/\/verbasana.com\/wp-content\/uploads\/2022\/01\/cruise-526x360.jpg 526w, https:\/\/verbasana.com\/wp-content\/uploads\/2022\/01\/cruise.jpg 576w\" sizes=\"auto, (max-width: 526px) 100vw, 526px\" \/><\/div>\n\t\t<\/figure>\n\t<\/div>\n<\/div><\/div><\/div><div class=\"wpb_column vc_column_container vc_col-sm-3\"><div class=\"vc_column-inner\"><div class=\"wpb_wrapper\">\n\t<div  class=\"wpb_single_image wpb_content_element vc_align_left\">\n\t\t\n\t\t<figure class=\"wpb_wrapper vc_figure\">\n\t\t\t<div class=\"vc_single_image-wrapper   vc_box_border_grey\"><img loading=\"lazy\" decoding=\"async\" width=\"526\" height=\"360\" src=\"https:\/\/verbasana.com\/wp-content\/uploads\/2022\/01\/tajci-526x360.jpg\" class=\"vc_single_image-img attachment-medium\" alt=\"\" title=\"tajci\" srcset=\"https:\/\/verbasana.com\/wp-content\/uploads\/2022\/01\/tajci-526x360.jpg 526w, https:\/\/verbasana.com\/wp-content\/uploads\/2022\/01\/tajci.jpg 576w\" sizes=\"auto, (max-width: 526px) 100vw, 526px\" \/><\/div>\n\t\t<\/figure>\n\t<\/div>\n<\/div><\/div><\/div><div class=\"wpb_column vc_column_container vc_col-sm-3\"><div class=\"vc_column-inner\"><div class=\"wpb_wrapper\">\n\t<div  class=\"wpb_single_image wpb_content_element vc_align_left\">\n\t\t\n\t\t<figure class=\"wpb_wrapper vc_figure\">\n\t\t\t<div class=\"vc_single_image-wrapper   vc_box_border_grey\"><img loading=\"lazy\" decoding=\"async\" width=\"526\" height=\"360\" src=\"https:\/\/verbasana.com\/wp-content\/uploads\/2022\/01\/retreat-526x360.jpg\" class=\"vc_single_image-img attachment-medium\" alt=\"\" title=\"retreat\" srcset=\"https:\/\/verbasana.com\/wp-content\/uploads\/2022\/01\/retreat-526x360.jpg 526w, https:\/\/verbasana.com\/wp-content\/uploads\/2022\/01\/retreat.jpg 576w\" sizes=\"auto, (max-width: 526px) 100vw, 526px\" \/><\/div>\n\t\t<\/figure>\n\t<\/div>\n<\/div><\/div><\/div><\/div><\/div><\/div><\/div><\/div><\/section>","protected":false},"excerpt":{"rendered":"\ud83d\udd49\ufe0f Holistic Retreats In a world where finding a moment for yourself has become a rare luxury, it is more essential than ever to reconnect&hellip;","protected":false},"author":2,"featured_media":0,"parent":0,"menu_order":0,"comment_status":"closed","ping_status":"closed","template":"","meta":{"footnotes":""},"class_list":["post-833","page","type-page","status-publish","hentry"],"_links":{"self":[{"href":"https:\/\/verbasana.com\/en\/wp-json\/wp\/v2\/pages\/833","targetHints":{"allow":["GET"]}}],"collection":[{"href":"https:\/\/verbasana.com\/en\/wp-json\/wp\/v2\/pages"}],"about":[{"href":"https:\/\/verbasana.com\/en\/wp-json\/wp\/v2\/types\/page"}],"author":[{"embeddable":true,"href":"https:\/\/verbasana.com\/en\/wp-json\/wp\/v2\/users\/2"}],"replies":[{"embeddable":true,"href":"https:\/\/verbasana.com\/en\/wp-json\/wp\/v2\/comments?post=833"}],"version-history":[{"count":0,"href":"https:\/\/verbasana.com\/en\/wp-json\/wp\/v2\/pages\/833\/revisions"}],"wp:attachment":[{"href":"https:\/\/verbasana.com\/en\/wp-json\/wp\/v2\/media?parent=833"}],"curies":[{"name":"wp","href":"https:\/\/api.w.org\/{rel}","templated":true}]}}