{"id":821,"date":"2022-01-17T21:26:22","date_gmt":"2022-01-17T20:26:22","guid":{"rendered":"https:\/\/verbasana.com\/?page_id=821"},"modified":"2025-11-07T10:37:49","modified_gmt":"2025-11-07T09:37:49","slug":"holistic-coaching","status":"publish","type":"page","link":"https:\/\/verbasana.com\/en\/holistic-coaching\/","title":{"rendered":"Holistic Coaching"},"content":{"rendered":"<section data-vc-full-width=\"true\" data-vc-full-width-init=\"false\" data-vc-parallax=\"1.5\" class=\"vc_section subpage-header vc_custom_1674828652283 vc_section-has-fill vc_row-o-full-height vc_general vc_parallax vc_parallax-content-moving\"><\/section><div class=\"vc_row-full-width vc_clearfix\"><\/div><section class=\"vc_section\"><div class=\"vc_row wpb_row vc_row-fluid\"><div class=\"wpb_column vc_column_container vc_col-sm-12 vc_col-lg-offset-2 vc_col-lg-8 vc_col-md-offset-0 vc_col-md-12\"><div class=\"vc_column-inner\"><div class=\"wpb_wrapper\">\n\t<div class=\"wpb_text_column wpb_content_element  vc_custom_1762508159028\" >\n\t\t<div class=\"wpb_wrapper\">\n\t\t\t\n\t\t<\/div>\n\t<\/div>\n\n\t<div class=\"wpb_text_column wpb_content_element\" >\n\t\t<div class=\"wpb_wrapper\">\n\t\t\t<h2 data-start=\"199\" data-end=\"221\">Holistic Coaching<\/h2>\n<p data-start=\"223\" data-end=\"513\">Holistic coaching je proces duboke osobne transformacije koji vas podr\u017eava da prona\u0111ete vi\u0161e ravnote\u017ee, jasno\u0107e i lako\u0107e u svakodnevnom \u017eivotu.<br data-start=\"366\" data-end=\"369\" \/>Kroz cjelovit pristup \u2014 povezuju\u0107i um, tijelo, emocije i duh \u2014 vra\u0107amo vas sebi, va\u0161oj unutarnjoj snazi i prirodnom osje\u0107aju \u017eivotne energije.<\/p>\n<p data-start=\"515\" data-end=\"760\">Na\u0161 rad temelji se na svjesnom razgovoru, prisutnosti i nje\u017enom, ali sna\u017enom vo\u0111enju prema autenti\u010dnosti i samopouzdanju.<br data-start=\"636\" data-end=\"639\" \/>U svakom susretu otvaramo prostor za jasno\u0107u, nove uvide i prakti\u010dne alate koje mo\u017eete odmah primijeniti u svom \u017eivotu.<\/p>\n<p data-start=\"762\" data-end=\"1083\">Izabela Mari\u0107 je <strong data-start=\"779\" data-end=\"845\">certificirani Holistic Coach pri Radiant Coaches Academy (SAD)<\/strong> te <strong data-start=\"849\" data-end=\"866\">ICF PCC Coach<\/strong> akreditirana pri <strong data-start=\"884\" data-end=\"921\">International Coaching Federation<\/strong>.<br data-start=\"922\" data-end=\"925\" \/>Tako\u0111er djeluje kao <strong data-start=\"945\" data-end=\"985\">trener na Amarya Coach Academy (SAD)<\/strong>, gdje educira budu\u0107e holistic coacheve i podr\u017eava ih u njihovom profesionalnom i osobnom rastu.<\/p>\n<p data-start=\"1085\" data-end=\"1376\">\ud83d\udc9b <strong data-start=\"1088\" data-end=\"1210\">Ako osje\u0107ate poziv da zapo\u010dnete svoje putovanje unutarnje promjene, rezervirajte besplatan 30-minutni uvodni razgovor:<\/strong><br data-start=\"1210\" data-end=\"1213\" \/>\ud83d\udc49 <a class=\"decorated-link\" href=\"https:\/\/calendly.com\/izabela-coaching\/30-min-coaching-intro-call-with-izabela\" target=\"_new\" rel=\"noopener\" data-start=\"1216\" data-end=\"1374\">https:\/\/calendly.com\/izabela-coaching\/30-min-coaching-intro-call-with-izabela<\/a><\/p>\n<p data-start=\"1378\" data-end=\"1466\">Neka ovaj susret bude va\u0161 prvi korak prema ve\u0107em miru, jasno\u0107i i povezanosti sa sobom.<\/p>\n<hr data-start=\"1468\" data-end=\"1471\" \/>\n<h2 data-start=\"1473\" data-end=\"1500\">Holistic Coaching (EN)<\/h2>\n<p data-start=\"1502\" data-end=\"1800\">Holistic coaching is a process of deep personal transformation that supports you in finding more balance, clarity, and ease in your everyday life.<br data-start=\"1648\" data-end=\"1651\" \/>Through an integrative approach \u2014 connecting mind, body, emotions, and spirit \u2014 we return you to your inner strength and natural sense of vitality.<\/p>\n<p data-start=\"1802\" data-end=\"2044\">Our work is based on conscious conversation, presence, and gentle yet powerful guidance toward authenticity and self-trust.<br data-start=\"1925\" data-end=\"1928\" \/>Each session opens space for insight, awareness, and practical tools you can immediately apply in your daily life.<\/p>\n<p data-start=\"2046\" data-end=\"2378\">Izabela Mari\u0107 is a <strong data-start=\"2065\" data-end=\"2128\">Certified Holistic Coach with Radiant Coaches Academy (USA)<\/strong> and an <strong data-start=\"2136\" data-end=\"2153\">ICF PCC Coach<\/strong> accredited by the <strong data-start=\"2172\" data-end=\"2209\">International Coaching Federation<\/strong>.<br data-start=\"2210\" data-end=\"2213\" \/>She also serves as a <strong data-start=\"2234\" data-end=\"2275\">trainer at Amarya Coach Academy (USA)<\/strong>, where she mentors and supports future holistic coaches on their personal and professional journeys.<\/p>\n<p data-start=\"2380\" data-end=\"2665\">\ud83d\udc9b <strong data-start=\"2383\" data-end=\"2499\">If you feel called to begin your journey of inner transformation, book your free 30-minute introductory session:<\/strong><br data-start=\"2499\" data-end=\"2502\" \/>\ud83d\udc49 <a class=\"decorated-link\" href=\"https:\/\/calendly.com\/izabela-coaching\/30-min-coaching-intro-call-with-izabela\" target=\"_new\" rel=\"noopener\" data-start=\"2505\" data-end=\"2663\">https:\/\/calendly.com\/izabela-coaching\/30-min-coaching-intro-call-with-izabela<\/a><\/p>\n<p data-start=\"2380\" data-end=\"2665\">\n<p data-start=\"2667\" data-end=\"2763\">Let this be your first step toward greater peace, clarity, and connection with your true self.<\/p>\n\n\t\t<\/div>\n\t<\/div>\n\n\t<div class=\"wpb_text_column wpb_content_element\" >\n\t\t<div class=\"wpb_wrapper\">\n\t\t\t<p><b>HOLISTIC COACHING PACKAGES:<\/b><\/p>\n\n\t\t<\/div>\n\t<\/div>\n<\/div><\/div><\/div><\/div><div class=\"vc_row wpb_row vc_row-fluid text-center vc_custom_1674920830045 vc_column-gap-15 vc_row-o-equal-height vc_row-flex\"><div class=\"wpb_column vc_column_container vc_col-sm-3 vc_col-has-fill\"><div class=\"vc_column-inner vc_custom_1642451903476\"><div class=\"wpb_wrapper\">\n\t<div  class=\"wpb_single_image wpb_content_element vc_align_left  vc_custom_1642451840366\">\n\t\t\n\t\t<figure class=\"wpb_wrapper vc_figure\">\n\t\t\t<div class=\"vc_single_image-wrapper   vc_box_border_grey\"><img loading=\"lazy\" decoding=\"async\" width=\"29\" height=\"29\" src=\"https:\/\/verbasana.com\/wp-content\/uploads\/2022\/01\/sat1.svg\" class=\"vc_single_image-img attachment-full\" alt=\"\" title=\"sat1\" \/><\/div>\n\t\t<\/figure>\n\t<\/div>\n\n\t<div class=\"wpb_text_column wpb_content_element  vc_custom_1674831766940\" >\n\t\t<div class=\"wpb_wrapper\">\n\t\t\t<p><span style=\"font-size: 20px;\">1 session (60min)<\/span><\/p>\n\n\t\t<\/div>\n\t<\/div>\n<div class=\"vc_separator wpb_content_element vc_separator_align_center vc_sep_width_100 vc_sep_pos_align_center vc_separator_no_text vc_custom_1642451889250  vc_custom_1642451889250\" ><span class=\"vc_sep_holder vc_sep_holder_l\"><span  style=\"border-color:#c7c7c7;\" class=\"vc_sep_line\"><\/span><\/span><span class=\"vc_sep_holder vc_sep_holder_r\"><span  style=\"border-color:#c7c7c7;\" class=\"vc_sep_line\"><\/span><\/span>\n<\/div>\n\t<div class=\"wpb_text_column wpb_content_element  vc_custom_1739868655329\" >\n\t\t<div class=\"wpb_wrapper\">\n\t\t\t<p>on request<\/p>\n\n\t\t<\/div>\n\t<\/div>\n<\/div><\/div><\/div><div class=\"wpb_column vc_column_container vc_col-sm-3 vc_col-has-fill\"><div class=\"vc_column-inner vc_custom_1642452027433\"><div class=\"wpb_wrapper\">\n\t<div  class=\"wpb_single_image wpb_content_element vc_align_left  vc_custom_1642452087336\">\n\t\t\n\t\t<figure class=\"wpb_wrapper vc_figure\">\n\t\t\t<div class=\"vc_single_image-wrapper   vc_box_border_grey\"><img loading=\"lazy\" decoding=\"async\" width=\"29\" height=\"29\" src=\"https:\/\/verbasana.com\/wp-content\/uploads\/2022\/01\/sat2.svg\" class=\"vc_single_image-img attachment-full\" alt=\"\" title=\"sat2\" \/><\/div>\n\t\t<\/figure>\n\t<\/div>\n\n\t<div class=\"wpb_text_column wpb_content_element  vc_custom_1674831801025\" >\n\t\t<div class=\"wpb_wrapper\">\n\t\t\t<p><span style=\"font-size: 20px;\">6 sessions (in two months)<\/span><\/p>\n\n\t\t<\/div>\n\t<\/div>\n<div class=\"vc_separator wpb_content_element vc_separator_align_center vc_sep_width_100 vc_sep_pos_align_center vc_separator_no_text vc_custom_1642451889250  vc_custom_1642451889250\" ><span class=\"vc_sep_holder vc_sep_holder_l\"><span  style=\"border-color:#c7c7c7;\" class=\"vc_sep_line\"><\/span><\/span><span class=\"vc_sep_holder vc_sep_holder_r\"><span  style=\"border-color:#c7c7c7;\" class=\"vc_sep_line\"><\/span><\/span>\n<\/div>\n\t<div class=\"wpb_text_column wpb_content_element  vc_custom_1753959677422\" >\n\t\t<div class=\"wpb_wrapper\">\n\t\t\t<p>on request<\/p>\n\n\t\t<\/div>\n\t<\/div>\n<\/div><\/div><\/div><div class=\"wpb_column vc_column_container vc_col-sm-3 vc_col-has-fill\"><div class=\"vc_column-inner vc_custom_1642452070885\"><div class=\"wpb_wrapper\">\n\t<div  class=\"wpb_single_image wpb_content_element vc_align_left  vc_custom_1642452148877\">\n\t\t\n\t\t<figure class=\"wpb_wrapper vc_figure\">\n\t\t\t<div class=\"vc_single_image-wrapper   vc_box_border_grey\"><img loading=\"lazy\" decoding=\"async\" width=\"29\" height=\"29\" src=\"https:\/\/verbasana.com\/wp-content\/uploads\/2022\/01\/sat3.svg\" class=\"vc_single_image-img attachment-full\" alt=\"\" title=\"sat3\" \/><\/div>\n\t\t<\/figure>\n\t<\/div>\n\n\t<div class=\"wpb_text_column wpb_content_element  vc_custom_1674831842186\" >\n\t\t<div class=\"wpb_wrapper\">\n\t\t\t<p><span style=\"font-size: 20px;\">12 sessions (in four months)<\/span><\/p>\n\n\t\t<\/div>\n\t<\/div>\n<div class=\"vc_separator wpb_content_element vc_separator_align_center vc_sep_width_100 vc_sep_pos_align_center vc_separator_no_text vc_custom_1642451889250  vc_custom_1642451889250\" ><span class=\"vc_sep_holder vc_sep_holder_l\"><span  style=\"border-color:#c7c7c7;\" class=\"vc_sep_line\"><\/span><\/span><span class=\"vc_sep_holder vc_sep_holder_r\"><span  style=\"border-color:#c7c7c7;\" class=\"vc_sep_line\"><\/span><\/span>\n<\/div>\n\t<div class=\"wpb_text_column wpb_content_element  vc_custom_1753959686870\" >\n\t\t<div class=\"wpb_wrapper\">\n\t\t\t<p>on request<\/p>\n\n\t\t<\/div>\n\t<\/div>\n<\/div><\/div><\/div><\/div><\/section><div class=\"vc_row wpb_row vc_row-fluid\"><div class=\"wpb_column vc_column_container vc_col-sm-12 vc_col-lg-offset-2 vc_col-lg-8 vc_col-md-offset-0 vc_col-md-12\"><div class=\"vc_column-inner\"><div class=\"wpb_wrapper\">\n\t<div class=\"wpb_text_column wpb_content_element\" >\n\t\t<div class=\"wpb_wrapper\">\n\t\t\t<p>&nbsp;<\/p>\n<p class=\"p1\">It is recommended to book a minimum of 3 appointments.<\/p>\n<p class=\"p1\">Support: Unlimited via email or WhatsApp for the duration of the coaching package.<\/p>\n<p class=\"p2\">Book a FREE 30-minute introductory interview to see if I can support you.<\/p>\n\n\t\t<\/div>\n\t<\/div>\n<div class=\"vc_btn3-container vc_btn3-inline\" ><a class=\"vc_general vc_btn3 vc_btn3-size-md vc_btn3-shape-round vc_btn3-style-classic vc_btn3-color-violet\" href=\"https:\/\/verbasana.com\/en\/kontakt\/\" title=\"rezervirajte termin\">Book appointment<\/a><\/div><div class=\"vc_empty_space\"   style=\"height: 50px\"><span class=\"vc_empty_space_inner\"><\/span><\/div>\n\t<div class=\"wpb_text_column wpb_content_element\" >\n\t\t<div class=\"wpb_wrapper\">\n\t\t\t<p><strong>CHAKRA COACHING SESSION<\/strong><\/p>\n<p>In this 90-minute transformative session, we will explore your chakras, uncover any blockages, and discover powerful ways to bring alignment and healing through a holistic approach that combines coaching, yoga, meditation, breathing techniques, journaling, and affirmations.<\/p>\n<p>As a Certified Chakra Coach Trainer, I have witnessed firsthand the profound and liberating impact this process has on my clients, and I am truly excited to share this healing journey with you.<\/p>\n<p>The word &#8220;chakra&#8221; comes from the Sanskrit word for &#8220;disk&#8221; or &#8220;wheel,&#8221; and refers to specific energy centers within our bodies. There are seven main chakras, starting at the root of the spine and extending up to the crown of the head. Each chakra governs a unique aspect of our emotional, physical, and spiritual well-being.<\/p>\n<p>When these energy centers become blocked, we may feel stuck, drained, unfocused, or lacking in energy. However, when our chakras are balanced and open, universal cosmic energy can flow freely, empowering us and allowing us to fully step into our authentic power.<\/p>\n<p>You are energy. Change begins energetically and then manifests in the physical world. Let\u2019s dive into the vibrant world of energy and chakras together!<\/p>\n<p>Reserve your session by emailing us at <a rel=\"noopener\">info@verbasana.com<\/a>.<\/p>\n<p>Let\u2019s unlock your energy and create space for healing, growth, and transformation.<\/p>\n<p class=\"p1\"><b>An introduction to Coaching<\/b><\/p>\n<p class=\"p1\">Coaching isn&#8217;t mentoring, therapy, or consulting, although it&#8217;s related to all of those disciplines.<\/p>\n<p class=\"p1\">Coaches provide clarity, strategy, support, guidance, and challenge emotions and mindsets, primarily with provoking questions.<\/p>\n<p class=\"p1\">Occasionally, coaches provide feedback and suggestions.<\/p>\n<p class=\"p1\"><b>Working as Partners<\/b><\/p>\n<p class=\"p1\">Coaching is a partnership. This means we are equals and both of us have a co-active role in the relationship. We will use the synergy created collectively to find clarity and strategy and plan to create meaningful change and focused progress toward your goals.<\/p>\n<p class=\"p1\"><b>My role as the coach:<\/b><\/p>\n<p class=\"p1\">&#8211; Listen intently, without judging, to what you say and what you do not say<\/p>\n<p class=\"p1\">&#8211; Ask powerful questions that help you to create clarity of thought<\/p>\n<p class=\"p1\">&#8211; Respond intuitively and be fully present for you<\/p>\n<p class=\"p1\">&#8211; I&#8217;m not a cheerleader, but an objective thinking partner. Firm, but loving<\/p>\n<p class=\"p1\">&#8211; Uphold a safe environment and keep your best interest in mind<\/p>\n<p class=\"p1\">&#8211; Make requests for actions or ask that you release limiting beliefs<\/p>\n<p class=\"p1\">&#8211; Hold you accountable for agreements you have made<\/p>\n<p class=\"p1\">&#8211; Encourage truthful dialogue &amp; new perspectives<\/p>\n<p class=\"p1\">&#8211; Be your advocate who believes in you, encourages you and celebrates with you!<\/p>\n<p class=\"p1\"><b>Your role as the coachee:<\/b><\/p>\n<p class=\"p1\">&#8211; Make our coaching your priority \u2013 secure your calendar for our session<\/p>\n<p class=\"p1\">&#8211; Choose an appropriate place for the session (minimal background noise)<\/p>\n<p class=\"p1\">&#8211; Come with a specific and clear agenda and a takeaway you\u2019d like to walk away with from the session<\/p>\n<p class=\"p1\">&#8211; Be present and focused in your sessions<\/p>\n<p class=\"p1\">&#8211; Be responsible for your actions and emotions<\/p>\n<p class=\"p1\">&#8211; Be truthful with me and with yourself<\/p>\n<p class=\"p1\">&#8211; Be open to new ideas.<\/p>\n<p class=\"p1\"><b>Session Procesdures<\/b><\/p>\n<p class=\"p1\"><b>The Session:<\/b><\/p>\n<p class=\"p1\">Please come with an agenda. We will first get clear about what you want to work on and what you want to take away from the session.<\/p>\n<p class=\"p1\">Together, we\u2019ll co-discover how to accomplish your agenda.<\/p>\n<p class=\"p1\"><b>End of the Session<\/b><\/p>\n<p class=\"p1\">You will summarize what action you are committed to taking for the next week or longer term. I may make a coach request and ask you to continue the work of the session by journaling, resolving incomplete issues, or taking further action.<\/p>\n<p class=\"p1\"><b>Logistics<\/b><\/p>\n<p class=\"p1\">Our sessions will be approximately 45 minutes in length. You have chosen either three or four sessions per month per the Coaching Agreement.<\/p>\n<p class=\"p1\">We will select a regular time for our sessions. Please honor these times by prioritizing them in your weekly schedule.<\/p>\n<p class=\"p1\">If your schedule changes we can work out another time.<\/p>\n<p class=\"p1\">At the designated time, please log into the Zoom meeting with the ID assigned.<\/p>\n<p class=\"p1\"><b>Preparation for the session<\/b><\/p>\n<p class=\"p1\">1. What are your top two goals right now?<\/p>\n<p class=\"p1\">What small actions are you taking to achieve them?<\/p>\n<p class=\"p1\">2. What is your agenda for the call today<\/p>\n<p class=\"p1\">(what do you want to discuss)?<\/p>\n<p class=\"p1\">3. What do you want to takeaway from today\u2019s session?<\/p>\n\n\t\t<\/div>\n\t<\/div>\n\n\t<div class=\"wpb_text_column wpb_content_element\" >\n\t\t<div class=\"wpb_wrapper\">\n\t\t\t<p><span style=\"font-size: 18px;\"><strong>TESTIMONIALS:<\/strong><\/span><\/p>\n\n\t\t<\/div>\n\t<\/div>\n\n\t<div class=\"wpb_text_column wpb_content_element\" >\n\t\t<div class=\"wpb_wrapper\">\n\t\t\t<p class=\"p2\">\u201eCoaching with Izabela was a great experience. Her presence and supportive attitude created a safe space to explore the theme we were discussing. The questions she asked during the session were leading to very valuable insights. I am grateful for her sessions!\u201c<\/p>\n<p class=\"p2\">H.C.<\/p>\n<p class=\"p2\">\u201eThe coach&#8217;s primarily job is to listen and hold space for their client. Izabela is doing a great job doing so! She managed to stop my panic and disorientation with a short guided meditation after which I managed to see my situation more objectively and ended up resolving the issue in an hour. Sometimes is someone willing to listen and holding space for you, the only thing you need to solve the problem that\u2019s holding you back. I\u2019m grateful for Izabela\u2019s support.\u201c<\/p>\n<p class=\"p2\">M.M.<\/p>\n<p class=\"p2\">\u201eIzabela has had a very grounded, smooth, and calm approach to the session. Her gentle way of coaching is comforting, while strongly action driven and goal oriented. There is no chance you don\u2019t make any step forward after the session!\u201c<\/p>\n<p class=\"p2\">N.K.<\/p>\n<p class=\"p2\">\u201eBeing coached by Izabela has been a very nice and grounding experience.<\/p>\n<p class=\"p2\">Izabela helped me to remember my priorities and supported me in having a simple plan that I can implement daily. She created a safe space and asked some great questions.\u201c<\/p>\n<p class=\"p2\">L.A.<\/p>\n<p class=\"p2\">\u201eI have had several coaching sessions with Izabela and each one of them has been helpful and inspiring. I received clarity and new ideas and her support has been precious in different areas of my life. This experience was a perfect example of how Holistic Coaching works and how it could really make a difference.\u201c<\/p>\n<p class=\"p2\">L.A.<\/p>\n<p class=\"p2\">\u201eMuch transformative session. It was so empowered coaching call with Izabela. She was not helping me to solve the problem, but helped me to define the present moment that I was unaware of it. I was overwhelmed by few legal and law stuff but I recaptured to feel the other present gifts I have right now to embrace. Love it , thank you dear Izabela.\u201c<\/p>\n<p class=\"p2\">P.A.<\/p>\n<p class=\"p2\">\u201eIzabela has a warm, grounded, solid energy. I felt very held by her. She led the session in a gentle, present way. I experienced a breakthrough around making my self care my top priority and trusting that everything else will come from there. I loved the grounding exercise she guided and the card pull, too.\u201c<\/p>\n<p class=\"p2\">H. T.<\/p>\n<p class=\"p2\">\u201eBeautiful! Izabela was a pleasure to be coached by! She encouraged me to explore more than just what was on the surface, and held space for me to talk out what was in my mind. Her grounding technique to start the session was so needed!\u201c<\/p>\n<p class=\"p2\">A.D.<\/p>\n\n\t\t<\/div>\n\t<\/div>\n<\/div><\/div><\/div><\/div><div class=\"vc_row wpb_row vc_row-fluid\"><div class=\"wpb_column vc_column_container vc_col-sm-12\"><div class=\"vc_column-inner\"><div class=\"wpb_wrapper\"><\/div><\/div><\/div><\/div>","protected":false},"excerpt":{"rendered":"Holistic Coaching Holistic coaching je proces duboke osobne transformacije koji vas podr\u017eava da prona\u0111ete vi\u0161e ravnote\u017ee, jasno\u0107e i lako\u0107e u svakodnevnom \u017eivotu.Kroz cjelovit pristup \u2014&hellip;","protected":false},"author":2,"featured_media":0,"parent":0,"menu_order":0,"comment_status":"closed","ping_status":"closed","template":"","meta":{"footnotes":""},"class_list":["post-821","page","type-page","status-publish","hentry"],"_links":{"self":[{"href":"https:\/\/verbasana.com\/en\/wp-json\/wp\/v2\/pages\/821","targetHints":{"allow":["GET"]}}],"collection":[{"href":"https:\/\/verbasana.com\/en\/wp-json\/wp\/v2\/pages"}],"about":[{"href":"https:\/\/verbasana.com\/en\/wp-json\/wp\/v2\/types\/page"}],"author":[{"embeddable":true,"href":"https:\/\/verbasana.com\/en\/wp-json\/wp\/v2\/users\/2"}],"replies":[{"embeddable":true,"href":"https:\/\/verbasana.com\/en\/wp-json\/wp\/v2\/comments?post=821"}],"version-history":[{"count":0,"href":"https:\/\/verbasana.com\/en\/wp-json\/wp\/v2\/pages\/821\/revisions"}],"wp:attachment":[{"href":"https:\/\/verbasana.com\/en\/wp-json\/wp\/v2\/media?parent=821"}],"curies":[{"name":"wp","href":"https:\/\/api.w.org\/{rel}","templated":true}]}}