{"id":807,"date":"2022-01-17T20:57:34","date_gmt":"2022-01-17T19:57:34","guid":{"rendered":"https:\/\/verbasana.com\/?page_id=807"},"modified":"2025-11-07T10:21:37","modified_gmt":"2025-11-07T09:21:37","slug":"yoga","status":"publish","type":"page","link":"https:\/\/verbasana.com\/en\/yoga\/","title":{"rendered":"Yoga"},"content":{"rendered":"<section data-vc-full-width=\"true\" data-vc-full-width-init=\"false\" class=\"vc_section subpage-header vc_custom_1674820065975 vc_section-has-fill vc_row-o-full-height\"><\/section><div class=\"vc_row-full-width vc_clearfix\"><\/div><section class=\"vc_section vc_custom_1642450202828\"><div class=\"vc_row wpb_row vc_row-fluid\"><div class=\"wpb_column vc_column_container vc_col-sm-12 vc_col-lg-offset-2 vc_col-lg-8 vc_col-md-offset-0 vc_col-md-12\"><div class=\"vc_column-inner\"><div class=\"wpb_wrapper\">\n\t<div class=\"wpb_text_column wpb_content_element\" >\n\t\t<div class=\"wpb_wrapper\">\n\t\t\t\n\t\t<\/div>\n\t<\/div>\n\n\t<div class=\"wpb_text_column wpb_content_element\" >\n\t\t<div class=\"wpb_wrapper\">\n\t\t\t<h2 data-start=\"160\" data-end=\"179\">Satovi Yoge \ud83c\udf3f<\/h2>\n<p data-start=\"181\" data-end=\"363\">Na na\u0161im satovima yoge integriramo <strong data-start=\"216\" data-end=\"257\">fizi\u010dke, psiholo\u0161ke i duhovne aspekte<\/strong> yoge. O\u010dekujte jasne verbalne instrukcije, svjesnost daha, meditaciju i duboko opu\u0161tanje u svakom satu.<\/p>\n<p data-start=\"365\" data-end=\"536\">Satovi su prilago\u0111eni i <strong data-start=\"389\" data-end=\"404\">po\u010detnicima<\/strong> i <strong data-start=\"407\" data-end=\"433\">naprednijim vje\u017eba\u010dima<\/strong>, stvaraju\u0107i prostor u kojem svatko mo\u017ee vje\u017ebati u skladu sa svojim ritmom i trenutnim mogu\u0107nostima.<\/p>\n<hr data-start=\"538\" data-end=\"541\" \/>\n<h3 data-start=\"543\" data-end=\"581\">\ud83d\udd49\ufe0f Tjedni satovi yoge u Zagrebu<\/h3>\n<p data-start=\"583\" data-end=\"908\">Grupni i individualni satovi odr\u017eavaju se u na\u0161em studiju na adresi <strong data-start=\"651\" data-end=\"670\">Vla\u0161ka ulica 80<\/strong> (kod Petrove crkve), Zagreb.<br data-start=\"699\" data-end=\"702\" \/>U toplom i podr\u017eavaju\u0107em prostoru prakticiramo Hatha Vinyasu, Vinyasa Flow, Yogu za kralje\u017enicu, Yoga Nidru uz zvuk tibetanskih zdjela, Prenatal yogu, Yogu za mame i bebe te vo\u0111ene meditacije i pranayamu.<\/p>\n<p data-start=\"583\" data-end=\"908\">\ud83d\udce9 <strong data-start=\"498\" data-end=\"545\">Za raspored satova u Vla\u0161koj pi\u0161ite nam na:<\/strong> <a class=\"decorated-link cursor-pointer\" rel=\"noopener\" data-start=\"546\" data-end=\"564\">info@verbasana.com<\/a><\/p>\n<hr data-start=\"910\" data-end=\"913\" \/>\n<h3 data-start=\"915\" data-end=\"942\">\ud83d\udcbb Online satovi yoge<\/h3>\n<p data-start=\"944\" data-end=\"1133\">Vje\u017ebajte s nama iz udobnosti svog doma.<br data-start=\"984\" data-end=\"987\" \/>Satovi se prenose <strong data-start=\"1005\" data-end=\"1036\">u\u017eivo putem Zoom aplikacije<\/strong>, a dostupne su i <strong data-start=\"1054\" data-end=\"1064\">snimke<\/strong> \u2014 tako da mo\u017eete prakticirati u vrijeme koje vam najvi\u0161e odgovara.<\/p>\n<hr data-start=\"1135\" data-end=\"1138\" \/>\n<h3 data-start=\"1140\" data-end=\"1168\">\ud83c\udf3f Yoga za korporacije<\/h3>\n<p data-start=\"1170\" data-end=\"1377\">Kroz individualne i grupne satove yoge u tvrtkama poma\u017eemo zaposlenicima da se lak\u0161e nose sa svakodnevnim izazovima, pove\u0107aju <strong data-start=\"1296\" data-end=\"1333\">fokus, produktivnost i timski duh<\/strong>, te smanje razine <strong data-start=\"1352\" data-end=\"1374\">stresa i napetosti<\/strong>.<\/p>\n<p data-start=\"1379\" data-end=\"1593\">Redovita praksa yoge doprinosi boljoj koncentraciji, smanjenju tjeskobe i ubla\u017eavanju bolova uzrokovanih dugim sjedenjem i lo\u0161im dr\u017eanjem. Nakon satova, va\u0161i \u0107e zaposlenici osje\u0107ati vi\u0161e energije, mira i jasno\u0107e.<\/p>\n<hr data-start=\"1595\" data-end=\"1598\" \/>\n<p data-start=\"1600\" data-end=\"1682\">\ud83d\udce9 Za vi\u0161e informacija ili dogovor termina pi\u0161ite nam na: <strong data-start=\"1658\" data-end=\"1680\"><a class=\"decorated-link cursor-pointer\" rel=\"noopener\" data-start=\"1660\" data-end=\"1678\">info@verbasana.com<\/a><\/strong><\/p>\n\n\t\t<\/div>\n\t<\/div>\n\n\t<div class=\"wpb_text_column wpb_content_element\" >\n\t\t<div class=\"wpb_wrapper\">\n\t\t\t\n\t\t<\/div>\n\t<\/div>\n<\/div><\/div><\/div><\/div><\/section><section class=\"vc_section\"><div class=\"vc_row wpb_row vc_row-fluid\"><div class=\"wpb_column vc_column_container vc_col-sm-12 vc_col-lg-offset-2 vc_col-lg-8 vc_col-md-offset-0 vc_col-md-12\"><div class=\"vc_column-inner\"><div class=\"wpb_wrapper\">\n\t<div class=\"wpb_text_column wpb_content_element\" >\n\t\t<div class=\"wpb_wrapper\">\n\t\t\t\n\t\t<\/div>\n\t<\/div>\n<\/div><\/div><\/div><\/div><div class=\"vc_row wpb_row vc_row-fluid vc_custom_1642450927787\"><div class=\"wpb_column vc_column_container vc_col-sm-12\"><div class=\"vc_column-inner\"><div class=\"wpb_wrapper\">\n\t<div class=\"wpb_text_column wpb_content_element\" >\n\t\t<div class=\"wpb_wrapper\">\n\t\t\t<h1 style=\"text-align: center;\">Yoga styles<\/h1>\n\n\t\t<\/div>\n\t<\/div>\n<\/div><\/div><\/div><\/div><div class=\"vc_row wpb_row vc_row-fluid vc_row-o-equal-height vc_row-flex\"><div class=\"wpb_column vc_column_container vc_col-sm-6\"><div class=\"vc_column-inner\"><div class=\"wpb_wrapper\">\n\t<div  class=\"wpb_single_image wpb_content_element vc_align_center\">\n\t\t\n\t\t<figure class=\"wpb_wrapper vc_figure\">\n\t\t\t<div class=\"vc_single_image-wrapper   vc_box_border_grey\"><img loading=\"lazy\" decoding=\"async\" width=\"843\" height=\"467\" src=\"https:\/\/verbasana.com\/wp-content\/uploads\/2022\/01\/Ashtanga-yoga.svg\" class=\"vc_single_image-img attachment-large\" alt=\"Ashtanga yoga\" title=\"Ashtanga yoga\" \/><\/div>\n\t\t<\/figure>\n\t<\/div>\n\n\t<div class=\"wpb_text_column wpb_content_element\" >\n\t\t<div class=\"wpb_wrapper\">\n\t\t\t<h3>ASHTANGA YOGA<\/h3>\n<p>Ashtanga yoga is a dynamic style of yoga popularized by Sri K. Pattabhi Jois, one of the greatest teachers of yoga of the 20th century, who sent Ashtanga yoga to the world and spread it through the West.<\/p>\n<p>Ashtanga is a disciplined, demanding practice that purifies the body and mind and that makes us present, focused, content and happy in a peaceful and grounded way.<\/p>\n\n\t\t<\/div>\n\t<\/div>\n<\/div><\/div><\/div><div class=\"wpb_column vc_column_container vc_col-sm-6\"><div class=\"vc_column-inner\"><div class=\"wpb_wrapper\">\n\t<div  class=\"wpb_single_image wpb_content_element vc_align_center\">\n\t\t\n\t\t<figure class=\"wpb_wrapper vc_figure\">\n\t\t\t<div class=\"vc_single_image-wrapper   vc_box_border_grey\"><img loading=\"lazy\" decoding=\"async\" width=\"843\" height=\"467\" src=\"https:\/\/verbasana.com\/wp-content\/uploads\/2022\/01\/yoga-za-kraljeznicu.svg\" class=\"vc_single_image-img attachment-large\" alt=\"yoga-za-kraljeznicu\" title=\"yoga-za-kraljeznicu\" \/><\/div>\n\t\t<\/figure>\n\t<\/div>\n\n\t<div class=\"wpb_text_column wpb_content_element\" >\n\t\t<div class=\"wpb_wrapper\">\n\t\t\t<h3>YOGA FOR SPINE<\/h3>\n<p>Yoga for spine is designed to help improve the mobility of the spine with a preventive approach.<\/p>\n<p>Twisting the spine releases potentially pinched nerves, strengthens muscle tissue, and improves ligament flexibility.<\/p>\n\n\t\t<\/div>\n\t<\/div>\n<\/div><\/div><\/div><\/div><div class=\"vc_row wpb_row vc_row-fluid vc_row-o-equal-height vc_row-flex\"><div class=\"wpb_column vc_column_container vc_col-sm-6\"><div class=\"vc_column-inner\"><div class=\"wpb_wrapper\">\n\t<div  class=\"wpb_single_image wpb_content_element vc_align_center\">\n\t\t\n\t\t<figure class=\"wpb_wrapper vc_figure\">\n\t\t\t<div class=\"vc_single_image-wrapper   vc_box_border_grey\"><img loading=\"lazy\" decoding=\"async\" width=\"843\" height=\"467\" src=\"https:\/\/verbasana.com\/wp-content\/uploads\/2022\/01\/Vinyasa-Flow.svg\" class=\"vc_single_image-img attachment-large\" alt=\"Vinyasa Flow\" title=\"Vinyasa Flow\" \/><\/div>\n\t\t<\/figure>\n\t<\/div>\n\n\t<div class=\"wpb_text_column wpb_content_element\" >\n\t\t<div class=\"wpb_wrapper\">\n\t\t\t<h3>VINYASA FLOW<\/h3>\n<p>Vinyasa Flow je dinami\u010dni oblik yoge koji se razvio iz Ashtanga Vinyasa yoga sistema. Vinyasa je povezivanje daha i pokreta kroz razne polo\u017eaje. Vinyasa kretnje podsje\u0107aju na ples. Ima brojne pozitivne u\u010dinke kako na tijelo, tako i na um.<\/p>\n<p>The body is warmed up in sequence and the increase in body temperature burns toxins accumulated in the joints and muscles, thus revitalizing the body, and the mind is calmed by the rhythmic sound of ujjayi breath that accompanies the movements. All these interconnected parameters lead to meditation in motion and the release of energy blockages.<\/p>\n\n\t\t<\/div>\n\t<\/div>\n<\/div><\/div><\/div><div class=\"wpb_column vc_column_container vc_col-sm-6\"><div class=\"vc_column-inner\"><div class=\"wpb_wrapper\">\n\t<div id=\"meditacija\" class=\"wpb_single_image wpb_content_element vc_align_center\">\n\t\t\n\t\t<figure class=\"wpb_wrapper vc_figure\">\n\t\t\t<div class=\"vc_single_image-wrapper   vc_box_border_grey\"><img loading=\"lazy\" decoding=\"async\" width=\"843\" height=\"467\" src=\"https:\/\/verbasana.com\/wp-content\/uploads\/2022\/01\/meditacija.svg\" class=\"vc_single_image-img attachment-large\" alt=\"\" title=\"meditacija\" \/><\/div>\n\t\t<\/figure>\n\t<\/div>\n\n\t<div class=\"wpb_text_column wpb_content_element\" >\n\t\t<div class=\"wpb_wrapper\">\n\t\t\t<h3>MEDITATION<\/h3>\n<p>Meditation is a simple method of relaxation that helps us to rest and relax completely psychophysically, as during the deepest sleep.<\/p>\n<p>During meditation, the parasympathetic system is activated and increases the secretion of serotonin and melatonin by as much as 300%, increases blood flow by as much as 200%, reduces the risk of heart attack and stroke, reduces heart rate, lowers blood pressure, reduces lactic acid production and the amount of stress hormones. Through meditation we increase concentration, focus, the ability to better organize and learn faster.<\/p>\n\n\t\t<\/div>\n\t<\/div>\n<\/div><\/div><\/div><\/div><div class=\"vc_row wpb_row vc_row-fluid vc_row-o-equal-height vc_row-flex\"><div class=\"wpb_column vc_column_container vc_col-sm-6\"><div class=\"vc_column-inner\"><div class=\"wpb_wrapper\">\n\t<div  class=\"wpb_single_image wpb_content_element vc_align_center\">\n\t\t\n\t\t<figure class=\"wpb_wrapper vc_figure\">\n\t\t\t<div class=\"vc_single_image-wrapper   vc_box_border_grey\"><img loading=\"lazy\" decoding=\"async\" width=\"843\" height=\"467\" src=\"https:\/\/verbasana.com\/wp-content\/uploads\/2022\/01\/hatha-Flow.svg\" class=\"vc_single_image-img attachment-large\" alt=\"hatha Flow\" title=\"hatha Flow\" \/><\/div>\n\t\t<\/figure>\n\t<\/div>\n\n\t<div class=\"wpb_text_column wpb_content_element\" >\n\t\t<div class=\"wpb_wrapper\">\n\t\t\t<h3>HATHA FLOW<\/h3>\n<p>In Hatha flow yoga classes, the exercises are performed slowly and in a relaxing rhythm with an emphasis on paying attention to the breath and maintaining yoga positions, which alternate in fluid sequences. The movement is continuous in nature; in everyday life movements are interconnected and are never fragmented or isolated. In this way, exercise sequences are also planned, so that the exercisers progress gradually and have a smooth, uninterrupted sequence of movements.<\/p>\n<p>Asanas have a strong influence on the physical, mental and spiritual level of a person - practicing certain positions increases body mobility, strengthens muscles and increases strength, and relaxation techniques and breathing exercises remove physical and mental tension which leads to deep relaxation.<\/p>\n<p>The positive effect of this discipline on the cardiovascular, respiratory and loco-motor systems has been scientifically proven. Since it is a moderate physical activity, it is recommended for everyone, regardless of age, fitness and health, because the movements are performed to the level of their own limitation.<\/p>\n\n\t\t<\/div>\n\t<\/div>\n<\/div><\/div><\/div><div class=\"wpb_column vc_column_container vc_col-sm-6\"><div class=\"vc_column-inner\"><div class=\"wpb_wrapper\">\n\t<div id=\"pranayama\" class=\"wpb_single_image wpb_content_element vc_align_center\">\n\t\t\n\t\t<figure class=\"wpb_wrapper vc_figure\">\n\t\t\t<div class=\"vc_single_image-wrapper   vc_box_border_grey\"><img loading=\"lazy\" decoding=\"async\" width=\"843\" height=\"467\" src=\"https:\/\/verbasana.com\/wp-content\/uploads\/2022\/01\/pranayama.svg\" class=\"vc_single_image-img attachment-large\" alt=\"\" title=\"pranayama\" \/><\/div>\n\t\t<\/figure>\n\t<\/div>\n\n\t<div class=\"wpb_text_column wpb_content_element\" >\n\t\t<div class=\"wpb_wrapper\">\n\t\t\t<h3>PRANAYAMA<\/h3>\n<p>Pranayama is the management of life energy (prana) through breath, breathing techniques and directing prana.<\/p>\n<p>Pranayama is the science of prana and breath and the ancient yogis did them to increase the quantity and quality of prana, purify the nadis (energy channels) and chakras (energy centers) and immerse themselves in the deep experience of bliss and connection with the divine source.<\/p>\n<p>The positive effect of this discipline on the cardiovascular, respiratory and loco-motor systems has been scientifically proven. Since it is a moderate physical activity, it is recommended for everyone, regardless of age, fitness and health, because the movements are performed to the level of their own limitation.<\/p>\n\n\t\t<\/div>\n\t<\/div>\n<\/div><\/div><\/div><\/div><\/section>","protected":false},"excerpt":{"rendered":"Satovi Yoge \ud83c\udf3f Na na\u0161im satovima yoge integriramo fizi\u010dke, psiholo\u0161ke i duhovne aspekte yoge. O\u010dekujte jasne verbalne instrukcije, svjesnost daha, meditaciju i duboko opu\u0161tanje u&hellip;","protected":false},"author":2,"featured_media":0,"parent":0,"menu_order":0,"comment_status":"closed","ping_status":"closed","template":"","meta":{"footnotes":""},"class_list":["post-807","page","type-page","status-publish","hentry"],"_links":{"self":[{"href":"https:\/\/verbasana.com\/en\/wp-json\/wp\/v2\/pages\/807","targetHints":{"allow":["GET"]}}],"collection":[{"href":"https:\/\/verbasana.com\/en\/wp-json\/wp\/v2\/pages"}],"about":[{"href":"https:\/\/verbasana.com\/en\/wp-json\/wp\/v2\/types\/page"}],"author":[{"embeddable":true,"href":"https:\/\/verbasana.com\/en\/wp-json\/wp\/v2\/users\/2"}],"replies":[{"embeddable":true,"href":"https:\/\/verbasana.com\/en\/wp-json\/wp\/v2\/comments?post=807"}],"version-history":[{"count":0,"href":"https:\/\/verbasana.com\/en\/wp-json\/wp\/v2\/pages\/807\/revisions"}],"wp:attachment":[{"href":"https:\/\/verbasana.com\/en\/wp-json\/wp\/v2\/media?parent=807"}],"curies":[{"name":"wp","href":"https:\/\/api.w.org\/{rel}","templated":true}]}}