{"id":746,"date":"2022-01-16T15:54:05","date_gmt":"2022-01-16T14:54:05","guid":{"rendered":"https:\/\/verbasana.com\/?page_id=746"},"modified":"2025-11-22T16:46:43","modified_gmt":"2025-11-22T15:46:43","slug":"nova","status":"publish","type":"page","link":"https:\/\/verbasana.com\/en\/","title":{"rendered":"Home"},"content":{"rendered":"<section data-vc-full-width=\"true\" data-vc-full-width-init=\"false\" class=\"vc_section header-img-holder vc_custom_1674737564824 vc_section-has-fill\"><div data-vc-full-width=\"true\" data-vc-full-width-init=\"false\" class=\"vc_row wpb_row vc_row-fluid header-overlay vc_row-o-content-middle vc_row-flex\"><div class=\"wpb_column vc_column_container vc_col-sm-12\"><div class=\"vc_column-inner\"><div class=\"wpb_wrapper\"><div class=\"vc_row wpb_row vc_inner vc_row-fluid\"><div class=\"wpb_column vc_column_container vc_col-sm-12\"><div class=\"vc_column-inner\"><div class=\"wpb_wrapper\">\n\t<div class=\"wpb_text_column wpb_content_element\" >\n\t\t<div class=\"wpb_wrapper\">\n\t\t\t<h1><span style=\"color: #ffffff;\">Connect with Yourself<\/span><\/h1>\n\n\t\t<\/div>\n\t<\/div>\n<\/div><\/div><\/div><\/div><\/div><\/div><\/div><\/div><div class=\"vc_row-full-width vc_clearfix\"><\/div><\/section><div class=\"vc_row-full-width vc_clearfix\"><\/div><section class=\"vc_section section1\"><div class=\"vc_row wpb_row vc_row-fluid vc_custom_1642347996638 vc_row-has-fill\"><div class=\"wpb_column vc_column_container vc_col-sm-12\"><div class=\"vc_column-inner\"><div class=\"wpb_wrapper\"><div class=\"vc_row wpb_row vc_inner vc_row-fluid\"><div class=\"wpb_column vc_column_container vc_col-sm-9\"><div class=\"vc_column-inner\"><div class=\"wpb_wrapper\">\n\t<div class=\"wpb_text_column wpb_content_element\" >\n\t\t<div class=\"wpb_wrapper\">\n\t\t\t<h2 data-start=\"274\" data-end=\"302\">\ud83c\udf3f Dobrodo\u0161li u Verbasanu<\/h2>\n<p data-start=\"304\" data-end=\"437\"><strong data-start=\"304\" data-end=\"322\">Verbasana Yoga<\/strong> osnovana je 2015. godine s vizijom stvaranja prostora za osobnu transformaciju, unutarnji mir i svjesno \u017eivljenje.<\/p>\n<p data-start=\"439\" data-end=\"763\">Na\u0161 studio nalazi se u <strong data-start=\"462\" data-end=\"481\">Vla\u0161ka ulica 80<\/strong> (kod Petrove crkve), Zagreb \u2014 mirno uto\u010di\u0161te u srcu grada, mjesto gdje nudimo grupne i individualne satove yoge u toploj, podr\u017eavaju\u0107oj atmosferi.<br data-start=\"628\" data-end=\"631\" \/>Tako\u0111er smo pokrenuli <strong data-start=\"653\" data-end=\"693\">\u0160kolu za certificirane u\u010ditelje yoge<\/strong> (200 sati, Yoga Alliance), uz mogu\u0107nost upisa u <strong data-start=\"742\" data-end=\"762\">e-radnu knji\u017eicu<\/strong>.<\/p>\n<p data-start=\"765\" data-end=\"952\">Sjedi\u0161te Verbasana Centra je u <strong data-start=\"796\" data-end=\"813\">Marti\u0107evoj 45<\/strong>, gdje tijekom ljeta odr\u017eavamo prepoznatljivu <strong data-start=\"859\" data-end=\"875\">rooftop yogu<\/strong> na krovu s pogledom na grad.<\/p>\n<p data-start=\"954\" data-end=\"1250\">Pored redovnih satova yoge, nudimo <strong data-start=\"989\" data-end=\"1011\">terapeutske masa\u017ee<\/strong>, <strong data-start=\"1013\" data-end=\"1039\">holistic coaching<\/strong> te organiziramo <strong data-start=\"1056\" data-end=\"1084\">holisti\u010dke retreate<\/strong> u Hrvatskoj i inozemstvu \u2014 Europa, SAD, Meksiko, Bali, Indija.<br data-start=\"1147\" data-end=\"1150\" \/>Svaki retreat pru\u017ea priliku za dublje povezivanje sa sobom, prirodom i \u017eivotom u sada\u0161njem trenutku.<\/p>\n<p data-start=\"1252\" data-end=\"1399\">Ljetni mjeseci donose i <strong data-start=\"1276\" data-end=\"1329\">jednodnevne yoga retreate u Yoga Gardenu<\/strong> uz rijeku Kupu kod Karlovca \u2014 na\u0161oj oazi mira, ti\u0161ine i regeneracije.<\/p>\n<h3 data-start=\"1401\" data-end=\"1419\">Na\u0161i programi:<\/h3>\n<ul data-start=\"1420\" data-end=\"1590\">\n<li data-start=\"1420\" data-end=\"1437\">\n<p data-start=\"1422\" data-end=\"1437\">Jutarnji i ve\u010dernji satovi yoge (Hatha Vinyasa, Vinyasa Flow, Yoga za kralje\u017enicu&#8230;)<\/p>\n<\/li>\n<li data-start=\"1455\" data-end=\"1478\">\n<p data-start=\"1457\" data-end=\"1478\">Individualni satovi Yoga terapije<\/p>\n<\/li>\n<li data-start=\"1479\" data-end=\"1514\">\n<p data-start=\"1481\" data-end=\"1514\">Yoga Nidra + zvu\u010dne kupke<\/p>\n<\/li>\n<li data-start=\"1515\" data-end=\"1532\">\n<p data-start=\"1517\" data-end=\"1532\">Prenatal yoga<\/p>\n<\/li>\n<li data-start=\"1533\" data-end=\"1556\">\n<p data-start=\"1535\" data-end=\"1556\">Yoga za mame i bebe<\/p>\n<\/li>\n<\/ul>\n<p data-start=\"1592\" data-end=\"1723\">Redovito organiziramo i radionice te posebne doga\u0111aje s gostuju\u0107im u\u010diteljima, oboga\u0107uju\u0107i va\u0161u praksu novim znanjima i iskustvima.<\/p>\n<p data-start=\"1725\" data-end=\"1958\">U suradnji s <strong data-start=\"1738\" data-end=\"1768\">Amarya Coach Academy (SAD)<\/strong> vodimo online trening za certificirane <strong data-start=\"1799\" data-end=\"1822\">holisti\u010dke coacheve<\/strong>.<br data-start=\"1823\" data-end=\"1826\" \/>Tako\u0111er sura\u0111ujemo s <strong data-start=\"1847\" data-end=\"1873\">Veleposlanstvom Indije<\/strong> i <strong data-start=\"1876\" data-end=\"1899\">Ministarstvom AYUSH<\/strong>, promi\u010du\u0107i yogu i holisti\u010dki pristup zdravlju u Hrvatskoj.<\/p>\n<hr data-start=\"1960\" data-end=\"1963\" \/>\n<p data-start=\"1965\" data-end=\"2140\">Pozivamo vas da se pridru\u017eite na\u0161oj zajednici, istra\u017eite tijelo i dah te prona\u0111ete svoj unutarnji mir.<br data-start=\"2067\" data-end=\"2070\" \/><strong data-start=\"2070\" data-end=\"2136\">Dobrodo\u0161li u Verbasanu \u2014 va\u0161 prostor za rast, dah i svjesnost.<\/strong> \ud83d\udd49\ufe0f<\/p>\n\n\t\t<\/div>\n\t<\/div>\n<\/div><\/div><\/div><div class=\"wpb_column vc_column_container vc_col-sm-3\"><div class=\"vc_column-inner\"><div class=\"wpb_wrapper\"><\/div><\/div><\/div><\/div><\/div><\/div><\/div><\/div><\/section><section class=\"vc_section vc_custom_1642348431592\"><div class=\"vc_row wpb_row vc_row-fluid\"><div class=\"wpb_column vc_column_container vc_col-sm-12\"><div class=\"vc_column-inner\"><div class=\"wpb_wrapper\">\n\t<div class=\"wpb_text_column wpb_content_element\" >\n\t\t<div class=\"wpb_wrapper\">\n\t\t\t<h1>Our offers<\/h1>\n\n\t\t<\/div>\n\t<\/div>\n<\/div><\/div><\/div><\/div><div class=\"vc_row wpb_row vc_row-fluid\"><div class=\"wpb_column vc_column_container vc_col-sm-3\"><div class=\"vc_column-inner\"><div class=\"wpb_wrapper\">\n\t<div  class=\"wpb_single_image wpb_content_element vc_align_center\">\n\t\t\n\t\t<figure class=\"wpb_wrapper vc_figure\">\n\t\t\t<div class=\"vc_single_image-wrapper   vc_box_border_grey\"><img loading=\"lazy\" decoding=\"async\" width=\"290\" height=\"150\" src=\"https:\/\/verbasana.com\/wp-content\/uploads\/2022\/01\/Ashtanga-yoga.svg\" class=\"vc_single_image-img attachment-full\" alt=\"Ashtanga yoga\" title=\"Ashtanga yoga\" \/><\/div>\n\t\t<\/figure>\n\t<\/div>\n\n\t<div class=\"wpb_text_column wpb_content_element\" >\n\t\t<div class=\"wpb_wrapper\">\n\t\t\t<h4 style=\"text-align: center;\">ASHTANGA YOGA<\/h4>\n\n\t\t<\/div>\n\t<\/div>\n<\/div><\/div><\/div><div class=\"wpb_column vc_column_container vc_col-sm-3\"><div class=\"vc_column-inner\"><div class=\"wpb_wrapper\">\n\t<div  class=\"wpb_single_image wpb_content_element vc_align_center\">\n\t\t\n\t\t<figure class=\"wpb_wrapper vc_figure\">\n\t\t\t<div class=\"vc_single_image-wrapper   vc_box_border_grey\"><img loading=\"lazy\" decoding=\"async\" width=\"290\" height=\"150\" src=\"https:\/\/verbasana.com\/wp-content\/uploads\/2022\/01\/Vinyasa-Flow.svg\" class=\"vc_single_image-img attachment-full\" alt=\"Vinyasa Flow\" title=\"Vinyasa Flow\" \/><\/div>\n\t\t<\/figure>\n\t<\/div>\n\n\t<div class=\"wpb_text_column wpb_content_element\" >\n\t\t<div class=\"wpb_wrapper\">\n\t\t\t<h4 style=\"text-align: center;\">VINYASA FLOW<\/h4>\n\n\t\t<\/div>\n\t<\/div>\n<\/div><\/div><\/div><div class=\"wpb_column vc_column_container vc_col-sm-3\"><div class=\"vc_column-inner\"><div class=\"wpb_wrapper\">\n\t<div  class=\"wpb_single_image wpb_content_element vc_align_center\">\n\t\t\n\t\t<figure class=\"wpb_wrapper vc_figure\">\n\t\t\t<div class=\"vc_single_image-wrapper   vc_box_border_grey\"><img loading=\"lazy\" decoding=\"async\" width=\"290\" height=\"150\" src=\"https:\/\/verbasana.com\/wp-content\/uploads\/2022\/01\/hatha-Flow.svg\" class=\"vc_single_image-img attachment-full\" alt=\"hatha Flow\" title=\"hatha Flow\" \/><\/div>\n\t\t<\/figure>\n\t<\/div>\n\n\t<div class=\"wpb_text_column wpb_content_element\" >\n\t\t<div class=\"wpb_wrapper\">\n\t\t\t<h4 style=\"text-align: center;\">HATHA FLOW<\/h4>\n\n\t\t<\/div>\n\t<\/div>\n<\/div><\/div><\/div><div class=\"wpb_column vc_column_container vc_col-sm-3\"><div class=\"vc_column-inner\"><div class=\"wpb_wrapper\">\n\t<div  class=\"wpb_single_image wpb_content_element vc_align_center\">\n\t\t\n\t\t<figure class=\"wpb_wrapper vc_figure\">\n\t\t\t<div class=\"vc_single_image-wrapper   vc_box_border_grey\"><img loading=\"lazy\" decoding=\"async\" width=\"290\" height=\"150\" src=\"https:\/\/verbasana.com\/wp-content\/uploads\/2022\/01\/yoga-za-kraljeznicu.svg\" class=\"vc_single_image-img attachment-full\" alt=\"yoga-za-kraljeznicu\" title=\"yoga-za-kraljeznicu\" \/><\/div>\n\t\t<\/figure>\n\t<\/div>\n\n\t<div class=\"wpb_text_column wpb_content_element\" >\n\t\t<div class=\"wpb_wrapper\">\n\t\t\t<h4 style=\"text-align: center;\">YOGA FOR SPINE<\/h4>\n\n\t\t<\/div>\n\t<\/div>\n<\/div><\/div><\/div><\/div><\/section><div class=\"vc_row wpb_row vc_row-fluid vc_custom_1642348847597\"><div class=\"wpb_column vc_column_container vc_col-sm-12\"><div class=\"vc_column-inner vc_custom_1642348679110\"><div class=\"wpb_wrapper\">\n\t<div class=\"wpb_text_column wpb_content_element\" >\n\t\t<div class=\"wpb_wrapper\">\n\t\t\t<p style=\"text-align: center;\"><a href=\"https:\/\/verbasana.com\/en\/yoga\/\"><strong><span style=\"color: #8c61a5;\">All styles<\/span> <img loading=\"lazy\" decoding=\"async\" class=\"alignnone wp-image-666\" src=\"https:\/\/verbasana.com\/wp-content\/uploads\/2022\/01\/ios-arrow-right.svg\" alt=\"\" width=\"7\" height=\"11\" \/><\/strong><\/a><\/p>\n\n\t\t<\/div>\n\t<\/div>\n<\/div><\/div><\/div><\/div><section data-vc-full-width=\"true\" data-vc-full-width-init=\"false\" class=\"vc_section section3 vc_custom_1642348828798\"><div class=\"vc_row wpb_row vc_row-fluid\"><div class=\"wpb_column vc_column_container vc_col-sm-6\"><div class=\"vc_column-inner\"><div class=\"wpb_wrapper\">\n\t<div  class=\"wpb_single_image wpb_content_element vc_align_center   out-the-grid\">\n\t\t\n\t\t<figure class=\"wpb_wrapper vc_figure\">\n\t\t\t<div class=\"vc_single_image-wrapper   vc_box_border_grey\"><img loading=\"lazy\" decoding=\"async\" width=\"1920\" height=\"1280\" src=\"https:\/\/verbasana.com\/wp-content\/uploads\/2023\/01\/M_backbend2.jpg\" class=\"vc_single_image-img attachment-full\" alt=\"\" title=\"M_backbend2\" srcset=\"https:\/\/verbasana.com\/wp-content\/uploads\/2023\/01\/M_backbend2.jpg 1920w, https:\/\/verbasana.com\/wp-content\/uploads\/2023\/01\/M_backbend2-540x360.jpg 540w, https:\/\/verbasana.com\/wp-content\/uploads\/2023\/01\/M_backbend2-851x567.jpg 851w, https:\/\/verbasana.com\/wp-content\/uploads\/2023\/01\/M_backbend2-768x512.jpg 768w, https:\/\/verbasana.com\/wp-content\/uploads\/2023\/01\/M_backbend2-1536x1024.jpg 1536w, https:\/\/verbasana.com\/wp-content\/uploads\/2023\/01\/M_backbend2-18x12.jpg 18w\" sizes=\"auto, (max-width: 1920px) 100vw, 1920px\" \/><\/div>\n\t\t<\/figure>\n\t<\/div>\n<\/div><\/div><\/div><div class=\"section3-text mt-120 wpb_column vc_column_container vc_col-sm-6\"><div class=\"vc_column-inner\"><div class=\"wpb_wrapper\">\n\t<div class=\"wpb_text_column wpb_content_element\" >\n\t\t<div class=\"wpb_wrapper\">\n\t\t\t<h3 class=\"translation-block\">PRENATAL YOGA<br>\nFOR PREGNANT WOMEN \/ MOMS AND BABIES<\/h3>\n\n\t\t<\/div>\n\t<\/div>\n\n\t<div class=\"wpb_text_column wpb_content_element\" >\n\t\t<div class=\"wpb_wrapper\">\n\t\t\t<p>In Prenatal classes we connect with the baby, learn to relax and let go and prepare for childbirth through positive visualizations.<\/p>\n<p>Exercising Prenatal eliminates the feeling of nausea and fatigue, back pain disappears and improves the work of the digestive system and the work of hormonal glands. We also feel joyful and energized and share experiences with other moms.<\/p>\n<p><a href=\"https:\/\/verbasana.com\/en\/yoga\/prenatal-mame-i-bebe\/\">Learn more &gt;<\/a><\/p>\n\n\t\t<\/div>\n\t<\/div>\n<\/div><\/div><\/div><\/div><\/section><div class=\"vc_row-full-width vc_clearfix\"><\/div><section data-vc-full-width=\"true\" data-vc-full-width-init=\"false\" class=\"vc_section green vc_custom_1642352932937\"><div class=\"vc_row wpb_row vc_row-fluid\"><div class=\"wpb_column vc_column_container vc_col-sm-6\"><div class=\"vc_column-inner\"><div class=\"wpb_wrapper\">\n\t<div class=\"wpb_text_column wpb_content_element\" >\n\t\t<div class=\"wpb_wrapper\">\n\t\t\t<h3>YOGA FOR<br \/>\nCHILDREN<\/h3>\n\n\t\t<\/div>\n\t<\/div>\n\n\t<div class=\"wpb_text_column wpb_content_element\" >\n\t\t<div class=\"wpb_wrapper\">\n\t\t\t<p>Yoga class for children aged 6-9 contains all the elements of an adult class, with the addition of a lot of fun.<\/p>\n<p>Yoga class for children contains elements of yoga with lots of fun, various games, dancing, singing and playing. In a stimulating atmosphere where children relax and have fun, body strength, coordination, flexibility and stability are developed at the same time.<\/p>\n<p>tries to strengthen awareness of one's own body, focus and concentration, and most importantly - self-confidence.<\/p>\n\n\t\t<\/div>\n\t<\/div>\n<\/div><\/div><\/div><div class=\"section3-text wpb_column vc_column_container vc_col-sm-6\"><div class=\"vc_column-inner\"><div class=\"wpb_wrapper\">\n\t<div  class=\"wpb_single_image wpb_content_element vc_align_left   out-the-grid\">\n\t\t\n\t\t<figure class=\"wpb_wrapper vc_figure\">\n\t\t\t<div class=\"vc_single_image-wrapper   vc_box_border_grey\"><img loading=\"lazy\" decoding=\"async\" width=\"1080\" height=\"1059\" src=\"https:\/\/verbasana.com\/wp-content\/uploads\/2023\/01\/1674819720724.jpg\" class=\"vc_single_image-img attachment-full\" alt=\"\" title=\"1674819720724\" srcset=\"https:\/\/verbasana.com\/wp-content\/uploads\/2023\/01\/1674819720724.jpg 1080w, https:\/\/verbasana.com\/wp-content\/uploads\/2023\/01\/1674819720724-367x360.jpg 367w, https:\/\/verbasana.com\/wp-content\/uploads\/2023\/01\/1674819720724-578x567.jpg 578w, https:\/\/verbasana.com\/wp-content\/uploads\/2023\/01\/1674819720724-768x753.jpg 768w, https:\/\/verbasana.com\/wp-content\/uploads\/2023\/01\/1674819720724-12x12.jpg 12w\" sizes=\"auto, (max-width: 1080px) 100vw, 1080px\" \/><\/div>\n\t\t<\/figure>\n\t<\/div>\n<\/div><\/div><\/div><\/div><\/section><div class=\"vc_row-full-width vc_clearfix\"><\/div><section data-vc-full-width=\"true\" data-vc-full-width-init=\"false\" class=\"vc_section dobrobiti-bg vc_custom_1642356511383 vc_section-has-fill\"><\/section><div class=\"vc_row-full-width vc_clearfix\"><\/div><section class=\"vc_section dobrobiti-sadrzaj vc_custom_1642356316416\"><div class=\"vc_row wpb_row vc_row-fluid\"><div class=\"wpb_column vc_column_container vc_col-sm-12\"><div class=\"vc_column-inner\"><div class=\"wpb_wrapper\">\n\t<div class=\"wpb_text_column wpb_content_element\" >\n\t\t<div class=\"wpb_wrapper\">\n\t\t\t<h2><strong><span style=\"color: #ffffff;\">BENEFIT OF YOGA FOR CHILDREN<\/span><\/strong><\/h2>\n\n\t\t<\/div>\n\t<\/div>\n\n\t<div  class=\"wpb_single_image wpb_content_element vc_align_center\">\n\t\t\n\t\t<figure class=\"wpb_wrapper vc_figure\">\n\t\t\t<div class=\"vc_single_image-wrapper   vc_box_border_grey\"><img loading=\"lazy\" decoding=\"async\" width=\"1194\" height=\"362\" src=\"https:\/\/verbasana.com\/wp-content\/uploads\/2022\/01\/dobrobit-yoga-djeca-1.jpg\" class=\"vc_single_image-img attachment-full\" alt=\"\" title=\"dobrobit-yoga-djeca-1\" srcset=\"https:\/\/verbasana.com\/wp-content\/uploads\/2022\/01\/dobrobit-yoga-djeca-1.jpg 1194w, https:\/\/verbasana.com\/wp-content\/uploads\/2022\/01\/dobrobit-yoga-djeca-1-640x194.jpg 640w, https:\/\/verbasana.com\/wp-content\/uploads\/2022\/01\/dobrobit-yoga-djeca-1-1024x310.jpg 1024w, https:\/\/verbasana.com\/wp-content\/uploads\/2022\/01\/dobrobit-yoga-djeca-1-768x233.jpg 768w\" sizes=\"auto, (max-width: 1194px) 100vw, 1194px\" \/><\/div>\n\t\t<\/figure>\n\t<\/div>\n<div class=\"vc_row wpb_row vc_inner vc_row-fluid vc_row-o-equal-height vc_row-flex\"><div class=\"wpb_column vc_column_container vc_col-sm-6\"><div class=\"vc_column-inner\"><div class=\"wpb_wrapper\">\n\t<div class=\"wpb_text_column wpb_content_element\" >\n\t\t<div class=\"wpb_wrapper\">\n\t\t\t<p>- strengthens the body and builds flexibility<br \/>\n- strengthens self-confidence and self-image<br \/>\n- encourages creativity<br \/>\n- strengthens the emotional strength of the child<br \/>\n- builds coordination and balance<br \/>\n- strengthens concentration<br \/>\n- strengthens all systems in the body: bone, nervous, vascular, digestive, respiratory, hormonal and muscular<br \/>\n- helps to understand the anatomy of one's own body<\/p>\n\n\t\t<\/div>\n\t<\/div>\n<\/div><\/div><\/div><div class=\"wpb_column vc_column_container vc_col-sm-6\"><div class=\"vc_column-inner\"><div class=\"wpb_wrapper\">\n\t<div class=\"wpb_text_column wpb_content_element\" >\n\t\t<div class=\"wpb_wrapper\">\n\t\t\t<p>- builds proper posture<br \/>\n- spreads awareness of nature, animals and the environment<br \/>\n- encourages teamwork<br \/>\n- learns how to relax and reduce daily stress<br \/>\n- encourages compassion, generosity and respect<br \/>\n- teaches self-acceptance and self-love<br \/>\n- develops self-discipline and self-control<br \/>\n- teaches children how to find inner peace<br \/>\n- proper breathing, has a beneficial effect on the respirator<\/p>\n\n\t\t<\/div>\n\t<\/div>\n<\/div><\/div><\/div><\/div><\/div><\/div><\/div><\/div><\/section><section class=\"vc_section section5 vc_custom_1642359630358\"><div class=\"vc_row wpb_row vc_row-fluid section5-row vc_custom_1642360822897 vc_row-o-equal-height vc_row-flex\"><div class=\"meditacija-coaching wpb_column vc_column_container vc_col-sm-4 vc_col-has-fill\"><div class=\"vc_column-inner vc_custom_1674827790404\"><div class=\"wpb_wrapper\">\n\t<div class=\"wpb_text_column wpb_content_element  title\" >\n\t\t<div class=\"wpb_wrapper\">\n\t\t\t<h3><a href=\"https:\/\/verbasana.com\/en\/yoga\/#meditacija\"><span style=\"color: #ffffff;\">MEDITATION<\/span><\/a><\/h3>\n\n\t\t<\/div>\n\t<\/div>\n<\/div><\/div><\/div><div class=\"wpb_column vc_column_container vc_col-sm-4\"><div class=\"vc_column-inner\"><div class=\"wpb_wrapper\"><div class=\"vc_row wpb_row vc_inner vc_row-fluid vc_custom_1674828011764 vc_row-has-fill\"><div class=\"pranayama-masaze wpb_column vc_column_container vc_col-sm-12\"><div class=\"vc_column-inner\"><div class=\"wpb_wrapper\">\n\t<div class=\"wpb_text_column wpb_content_element  title\" >\n\t\t<div class=\"wpb_wrapper\">\n\t\t\t<h3><span style=\"color: #ffffff;\">COACHING<\/span><\/h3>\n\n\t\t<\/div>\n\t<\/div>\n<\/div><\/div><\/div><\/div><div class=\"vc_row wpb_row vc_inner vc_row-fluid vc_custom_1674828294017 vc_row-has-fill\"><div class=\"pranayama-masaze wpb_column vc_column_container vc_col-sm-12\"><div class=\"vc_column-inner\"><div class=\"wpb_wrapper\">\n\t<div class=\"wpb_text_column wpb_content_element  title\" >\n\t\t<div class=\"wpb_wrapper\">\n\t\t\t<h3 id=\"h_483645756201643841714878\"><span style=\"color: #ffffff;\">TEACHER TRAINING<\/span><\/h3>\n\n\t\t<\/div>\n\t<\/div>\n<\/div><\/div><\/div><\/div><\/div><\/div><\/div><div class=\"meditacija-coaching wpb_column vc_column_container vc_col-sm-4 vc_col-has-fill\"><div class=\"vc_column-inner vc_custom_1674828080402\"><div class=\"wpb_wrapper\">\n\t<div class=\"wpb_text_column wpb_content_element  title\" >\n\t\t<div class=\"wpb_wrapper\">\n\t\t\t<h3 id=\"h_642244796231643841727889\"><span style=\"color: #ffffff;\">PRANAYAMA<\/span><\/h3>\n\n\t\t<\/div>\n\t<\/div>\n<\/div><\/div><\/div><\/div><\/section>","protected":false},"excerpt":{"rendered":"Connect with Yourself \ud83c\udf3f Dobrodo\u0161li u Verbasanu Verbasana Yoga osnovana je 2015. godine s vizijom stvaranja prostora za osobnu transformaciju, unutarnji mir i svjesno \u017eivljenje.&hellip;","protected":false},"author":2,"featured_media":0,"parent":0,"menu_order":0,"comment_status":"closed","ping_status":"closed","template":"","meta":{"footnotes":""},"class_list":["post-746","page","type-page","status-publish","hentry"],"_links":{"self":[{"href":"https:\/\/verbasana.com\/en\/wp-json\/wp\/v2\/pages\/746","targetHints":{"allow":["GET"]}}],"collection":[{"href":"https:\/\/verbasana.com\/en\/wp-json\/wp\/v2\/pages"}],"about":[{"href":"https:\/\/verbasana.com\/en\/wp-json\/wp\/v2\/types\/page"}],"author":[{"embeddable":true,"href":"https:\/\/verbasana.com\/en\/wp-json\/wp\/v2\/users\/2"}],"replies":[{"embeddable":true,"href":"https:\/\/verbasana.com\/en\/wp-json\/wp\/v2\/comments?post=746"}],"version-history":[{"count":0,"href":"https:\/\/verbasana.com\/en\/wp-json\/wp\/v2\/pages\/746\/revisions"}],"wp:attachment":[{"href":"https:\/\/verbasana.com\/en\/wp-json\/wp\/v2\/media?parent=746"}],"curies":[{"name":"wp","href":"https:\/\/api.w.org\/{rel}","templated":true}]}}