{"id":1176,"date":"2024-01-04T01:14:59","date_gmt":"2024-01-04T00:14:59","guid":{"rendered":"https:\/\/verbasana.com\/?page_id=1176"},"modified":"2025-09-12T15:51:02","modified_gmt":"2025-09-12T13:51:02","slug":"holistic-coach-certification","status":"publish","type":"page","link":"https:\/\/verbasana.com\/en\/skola-yoge\/holistic-coach-certification\/","title":{"rendered":"Holistic Coach Certification"},"content":{"rendered":"<section data-vc-full-width=\"true\" data-vc-full-width-init=\"false\" class=\"vc_section subpage-header vc_custom_1704421347926 vc_section-has-fill vc_row-o-full-height\"><\/section><div class=\"vc_row-full-width vc_clearfix\"><\/div><div class=\"vc_row wpb_row vc_row-fluid\"><div class=\"wpb_column vc_column_container vc_col-sm-12 vc_col-lg-offset-2 vc_col-lg-8 vc_col-md-offset-0 vc_col-md-12\"><div class=\"vc_column-inner vc_custom_1704329092878\"><div class=\"wpb_wrapper\">\n\t<div class=\"wpb_text_column wpb_content_element  vc_custom_1757684658446\" >\n\t\t<div class=\"wpb_wrapper\">\n\t\t\t<h2 data-start=\"116\" data-end=\"171\">TRENING ZA CERTIFICIRANOG HOLISTIC COACHA \u2013 online<\/h2>\n<p data-start=\"173\" data-end=\"355\">Pozivam vas da nam se pridru\u017eite na online treningu za certificiranog holistic coacha na hrvatskom ili engleskom jeziku, kojeg vodim u suradnji s <strong data-start=\"319\" data-end=\"343\">Amarya Coach Academy<\/strong> iz SAD-a.<\/p>\n<p data-start=\"357\" data-end=\"576\">\ud83d\udc49 <strong data-start=\"360\" data-end=\"421\">Program mo\u017eete upisati na hrvatskom ili engleskom jeziku.<\/strong><br data-start=\"421\" data-end=\"424\" \/>\ud83c\udf0d Polaznici iz cijelog svijeta.<br data-start=\"456\" data-end=\"459\" \/>\ud83c\udf3f Organiziramo posebne coaching retreate.<br data-start=\"501\" data-end=\"504\" \/>\u23f3 Trening poha\u0111ate u vlastitom ritmu i mo\u017eete se pridru\u017eiti bilo kada.<\/p>\n<p data-start=\"578\" data-end=\"763\">Trening se sastoji od ukupno <strong data-start=\"607\" data-end=\"619\">125 sati<\/strong> (live Zoom satovi, online platforma za samostalno u\u010denje, praktikumi), a mo\u017eete krenuti u bilo kojem trenutku i napredovati vlastitim tempom.<\/p>\n<p data-start=\"765\" data-end=\"908\">Diploma je priznata od strane <strong data-start=\"795\" data-end=\"838\">International Coaching Federation (ICF)<\/strong>, koja je zlatni standard u profesionalnom coachingu diljem svijeta.<\/p>\n<p data-start=\"910\" data-end=\"956\">Ispuni svoju \u017eivotnu svrhu poma\u017eu\u0107i drugima.<\/p>\n<h3 data-start=\"958\" data-end=\"986\">Za\u0161to upisati trening:<\/h3>\n<ul data-start=\"987\" data-end=\"1318\">\n<li data-start=\"987\" data-end=\"1058\">\n<p data-start=\"989\" data-end=\"1058\">prirodno ste empati\u010dni i \u010desto ste podr\u0161ka prijateljima i obitelji.<\/p>\n<\/li>\n<li data-start=\"1059\" data-end=\"1157\">\n<p data-start=\"1061\" data-end=\"1157\">osje\u0107ate se pozvanim pomagati ljudima i istra\u017eujete svoje mogu\u0107nosti za po\u010detak nove karijere.<\/p>\n<\/li>\n<li data-start=\"1158\" data-end=\"1318\">\n<p data-start=\"1160\" data-end=\"1318\">\u017eudite za karijerom koja vam omogu\u0107uje da ostanete kod ku\u0107e sa svojom obitelji, radite po fleksibilnom radnom vremenu i putujete, a pritom poma\u017eete drugima.<\/p>\n<\/li>\n<\/ul>\n<h3 data-start=\"1320\" data-end=\"1387\">Definicija coachinga prema International Coaching Federation:<\/h3>\n<p data-start=\"1388\" data-end=\"1559\">*&#8221;Coaching je partnerstvo coacha i klijenta u kreativnom procesu koji poti\u010de na razmi\u0161ljanje i koji klijenta nadahnjuje da pove\u0107a svoj osobni i profesionalni potencijal.<\/p>\n<p data-start=\"1561\" data-end=\"1711\">Drugim rije\u010dima, coaching je proces u kojem coach podr\u017eava klijenta u postizanju njegovih najva\u017enijih ciljeva te da postane najbolja verzija sebe.\u201c*<\/p>\n<h3 data-start=\"1713\" data-end=\"1740\">Voditeljica treninga:<\/h3>\n<p data-start=\"1741\" data-end=\"1932\"><strong data-start=\"1741\" data-end=\"1798\">Izabela Mari\u0107, ICF PCC (Professional Certified Coach)<\/strong>, certificirani holistic coach, Trener na Amarya Coach Academy u SAD-u, organizatorica i voditeljica me\u0111unarodnih holistic retreata.<\/p>\n<p data-start=\"1934\" data-end=\"2157\">\ud83d\udce7 Za sve dodatne informacije kontaktirajte me na: <strong data-start=\"1985\" data-end=\"2007\"><a class=\"decorated-link cursor-pointer\" rel=\"noopener\" data-start=\"1987\" data-end=\"2005\">info@verbasana.com<\/a><\/strong><br data-start=\"2007\" data-end=\"2010\" \/>\ud83d\udcc5 Dogovorite termin sa mnom putem linka:<br data-start=\"2051\" data-end=\"2054\" \/><a class=\"decorated-link\" href=\"https:\/\/calendly.com\/izabela-coaching\/30-min-coaching-intro-call-with-izabela\" target=\"_new\" rel=\"noopener\" data-start=\"2054\" data-end=\"2155\">Book your intro call<\/a><\/p>\n<hr data-start=\"2159\" data-end=\"2162\" \/>\n<h2 data-start=\"2164\" data-end=\"2211\">CERTIFIED HOLISTIC COACH TRAINING \u2013 online<\/h2>\n<p data-start=\"2213\" data-end=\"2388\">I invite you to join us at the online training for a Certified Holistic Coach in Croatian or English, which I lead in cooperation with <strong data-start=\"2348\" data-end=\"2372\">Amarya Coach Academy<\/strong> from the USA.<\/p>\n<p data-start=\"2390\" data-end=\"2587\">\ud83d\udc49 <strong data-start=\"2393\" data-end=\"2445\">The program is available in Croatian or English.<\/strong><br data-start=\"2445\" data-end=\"2448\" \/>\ud83c\udf0d Participants from all over the world.<br data-start=\"2488\" data-end=\"2491\" \/>\ud83c\udf3f We organize special coaching retreats.<br data-start=\"2532\" data-end=\"2535\" \/>\u23f3 You can study at your own pace and join anytime.<\/p>\n<p data-start=\"2589\" data-end=\"2764\">The training consists of a total of <strong data-start=\"2625\" data-end=\"2638\">125 hours<\/strong> (live Zoom classes, online self-study platform, practicums), and you can start at any time and progress at your own rhythm.<\/p>\n<p data-start=\"2766\" data-end=\"2899\">The diploma is recognized by the <strong data-start=\"2799\" data-end=\"2842\">International Coaching Federation (ICF)<\/strong>, the gold standard in professional coaching worldwide.<\/p>\n<p data-start=\"2901\" data-end=\"2950\">Fulfill your purpose in life by helping others.<\/p>\n<h3 data-start=\"2952\" data-end=\"2981\">Why enroll in training:<\/h3>\n<ul data-start=\"2982\" data-end=\"3272\">\n<li data-start=\"2982\" data-end=\"3058\">\n<p data-start=\"2984\" data-end=\"3058\">You are naturally empathetic and often supportive of friends and family.<\/p>\n<\/li>\n<li data-start=\"3059\" data-end=\"3142\">\n<p data-start=\"3061\" data-end=\"3142\">You feel called to help people and are exploring options to start a new career.<\/p>\n<\/li>\n<li data-start=\"3143\" data-end=\"3272\">\n<p data-start=\"3145\" data-end=\"3272\">You long for a career that allows you to stay at home with your family, work flexible hours, and travel while helping others.<\/p>\n<\/li>\n<\/ul>\n<h3 data-start=\"3274\" data-end=\"3354\">Definition of coaching according to the International Coaching Federation:<\/h3>\n<p data-start=\"3355\" data-end=\"3535\">*&#8221;Coaching is a partnership between coach and client in a creative process that stimulates thinking and inspires the client to increase their personal and professional potential.<\/p>\n<p data-start=\"3537\" data-end=\"3705\">In other words, coaching is a process in which the coach supports the client in achieving their most important goals and in becoming the best version of themselves.&#8221;*<\/p>\n<h3 data-start=\"3707\" data-end=\"3729\">Training leader:<\/h3>\n<p data-start=\"3730\" data-end=\"3917\"><strong data-start=\"3730\" data-end=\"3787\">Izabela Mari\u0107, ICF PCC (Professional Certified Coach)<\/strong>, Certified Holistic Coach, Trainer at Amarya Coach Academy in the USA, organizer and leader of international holistic retreats.<\/p>\n<p data-start=\"3919\" data-end=\"4139\">\ud83d\udce7 For all additional information, contact me at: <strong data-start=\"3969\" data-end=\"3991\"><a class=\"decorated-link cursor-pointer\" rel=\"noopener\" data-start=\"3971\" data-end=\"3989\">info@verbasana.com<\/a><\/strong><br data-start=\"3991\" data-end=\"3994\" \/>\ud83d\udcc5 Book a meeting with me via the link:<br data-start=\"4033\" data-end=\"4036\" \/><a class=\"decorated-link\" href=\"https:\/\/calendly.com\/izabela-coaching\/30-min-coaching-intro-call-with-izabela\" target=\"_new\" rel=\"noopener\" data-start=\"4036\" data-end=\"4137\">Book your intro call<\/a><\/p>\n\n\t\t<\/div>\n\t<\/div>\n<\/div><\/div><\/div><\/div><div class=\"vc_row wpb_row vc_row-fluid\"><div class=\"wpb_column vc_column_container vc_col-sm-12\"><div class=\"vc_column-inner\"><div class=\"wpb_wrapper\"><div class=\"wpb_gallery wpb_content_element vc_clearfix\" ><div class=\"wpb_wrapper\"><div class=\"wpb_gallery_slides wpb_image_grid\" data-interval=\"3\"><ul class=\"wpb_image_grid_ul\"><li class=\"isotope-item\"><a class=\"\" href=\"https:\/\/verbasana.com\/wp-content\/uploads\/2024\/01\/ONLINE-TRAININGS-HOLISTIC-COACH-CERTIFICATION-676x567.jpg\" data-lightbox=\"lightbox[rel-1176-2018155713]\"><img loading=\"lazy\" decoding=\"async\" width=\"256\" height=\"144\" src=\"https:\/\/verbasana.com\/wp-content\/uploads\/2024\/01\/ONLINE-TRAININGS-HOLISTIC-COACH-CERTIFICATION-256x144.jpg\" class=\"attachment-thumbnail\" alt=\"\" title=\"ONLINE TRAININGS - HOLISTIC COACH CERTIFICATION\" \/><\/a><\/li><li class=\"isotope-item\"><a class=\"\" href=\"https:\/\/verbasana.com\/wp-content\/uploads\/2024\/01\/logo-radiant-1.jpg\" data-lightbox=\"lightbox[rel-1176-2018155713]\"><img loading=\"lazy\" decoding=\"async\" width=\"256\" height=\"144\" src=\"https:\/\/verbasana.com\/wp-content\/uploads\/2024\/01\/logo-radiant-1-256x144.jpg\" class=\"attachment-thumbnail\" alt=\"\" title=\"logo radiant\" \/><\/a><\/li><li class=\"isotope-item\"><a class=\"\" href=\"https:\/\/verbasana.com\/wp-content\/uploads\/2025\/09\/professional-certified-coach-pcc-567x567.png\" data-lightbox=\"lightbox[rel-1176-2018155713]\"><img loading=\"lazy\" decoding=\"async\" width=\"256\" height=\"144\" src=\"https:\/\/verbasana.com\/wp-content\/uploads\/2025\/09\/professional-certified-coach-pcc-256x144.png\" class=\"attachment-thumbnail\" alt=\"\" title=\"professional-certified-coach-pcc\" \/><\/a><\/li><\/ul><\/div><\/div><\/div><\/div><\/div><\/div><\/div>\n","protected":false},"excerpt":{"rendered":"TRENING ZA CERTIFICIRANOG HOLISTIC COACHA \u2013 online Pozivam vas da nam se pridru\u017eite na online treningu za certificiranog holistic coacha na hrvatskom ili engleskom jeziku,&hellip;","protected":false},"author":3,"featured_media":0,"parent":1028,"menu_order":0,"comment_status":"closed","ping_status":"closed","template":"","meta":{"footnotes":""},"class_list":["post-1176","page","type-page","status-publish","hentry"],"_links":{"self":[{"href":"https:\/\/verbasana.com\/en\/wp-json\/wp\/v2\/pages\/1176","targetHints":{"allow":["GET"]}}],"collection":[{"href":"https:\/\/verbasana.com\/en\/wp-json\/wp\/v2\/pages"}],"about":[{"href":"https:\/\/verbasana.com\/en\/wp-json\/wp\/v2\/types\/page"}],"author":[{"embeddable":true,"href":"https:\/\/verbasana.com\/en\/wp-json\/wp\/v2\/users\/3"}],"replies":[{"embeddable":true,"href":"https:\/\/verbasana.com\/en\/wp-json\/wp\/v2\/comments?post=1176"}],"version-history":[{"count":0,"href":"https:\/\/verbasana.com\/en\/wp-json\/wp\/v2\/pages\/1176\/revisions"}],"up":[{"embeddable":true,"href":"https:\/\/verbasana.com\/en\/wp-json\/wp\/v2\/pages\/1028"}],"wp:attachment":[{"href":"https:\/\/verbasana.com\/en\/wp-json\/wp\/v2\/media?parent=1176"}],"curies":[{"name":"wp","href":"https:\/\/api.w.org\/{rel}","templated":true}]}}