{"id":1030,"date":"2023-01-26T13:44:22","date_gmt":"2023-01-26T12:44:22","guid":{"rendered":"https:\/\/verbasana.com\/?page_id=1030"},"modified":"2023-01-28T16:23:07","modified_gmt":"2023-01-28T15:23:07","slug":"zvukoterapija","status":"publish","type":"page","link":"https:\/\/verbasana.com\/en\/yoga\/zvukoterapija\/","title":{"rendered":"Sound healing"},"content":{"rendered":"<section data-vc-full-width=\"true\" data-vc-full-width-init=\"false\" class=\"vc_section subpage-header vc_custom_1674917916967 vc_section-has-fill vc_row-o-full-height vc_section-o-content-top vc_section-flex\"><\/section><div class=\"vc_row-full-width vc_clearfix\"><\/div><div class=\"vc_row wpb_row vc_row-fluid\"><div class=\"wpb_column vc_column_container vc_col-sm-12 vc_col-lg-offset-2 vc_col-lg-8 vc_col-md-offset-0 vc_col-md-12\"><div class=\"vc_column-inner\"><div class=\"wpb_wrapper\">\n\t<div class=\"wpb_text_column wpb_content_element  vc_custom_1674919113512\" >\n\t\t<div class=\"wpb_wrapper\">\n\t\t\t<p><strong>ZVU\u010cNE KUPKE<\/strong><\/p>\n<p class=\"p1\"><strong>Zvukoterapija<\/strong> je znanje i znanost o tome kako zvu\u010dne vibracije djeluju na na\u0161e tijelo i na\u0161 duh. Kori\u0161tenjem <strong>glazbenih instrumenata<\/strong> i glasa zajedno s metodama opu\u0161tanja posti\u017eemo duboki u\u010dinak na tijelo i svijest. Uz blagodat koju nude <strong>zvu\u010dne frekvencije<\/strong> dolazi do aktivacije i suptilne eteri\u010dke energije koja se u drevnoj Kini zove &#8220;chi&#8221;, u Japanu je poznata kao &#8220;ki&#8221;, a u praksi yoge se naziva &#8220;prana&#8221;. Aktivacijom etera ja\u010damo i na\u0161u energetsku strukturu, punimo na\u0161e akupunkturne meridijane i osloba\u0111amo energetske blokade. U tom smislu i tako kori\u0161tena zvukoterapija je jo\u0161 jedan od na\u010dina kako mo\u017eemo spoznati put do <strong>zdravlja<\/strong>, vitalnosti i samootkri\u0107a.<\/p>\n<p class=\"p1\">I kao \u0161to je Nikola Tesla rekao: &#8220;Ako \u017eelite otkriti tajne univerzuma promi\u0161ljajte teme <strong>energije<\/strong>, frekvencije i vibracije.&#8221;<\/p>\n<p class=\"p2\">Yoga Nidra ili &#8220;<strong>yoga spavanja<\/strong>&#8221; je jedna od najpoznatijih tehnika pratyahare ili povla\u010denja pa\u017enje od tijela i osjetila. Yoga Nidra je svjesni san koji je grani\u010dno stanje <strong>izme\u0111u sna i budnosti<\/strong>. Tom metodom posti\u017eemo potpuno, duboko i iscjeljuju\u0107e <strong>opu\u0161tanje<\/strong> koje uklju\u010duje fizi\u010dko, emocionalno i mentalno opu\u0161tanje kako bi sa druge strane probudili uspavane centre mozga i uma. <strong>Osloba\u0111anje od napetosti<\/strong> tijela, uma (misli, emocija i \u017eelja) i intelekta donosi pro\u010di\u0161\u0107enje i <strong>mir<\/strong> koji bude intuiciju te izo\u0161travaju inteligenciju i donose<strong> jasno\u0107u<\/strong>. U Yoga Nidri prvo osloba\u0111amo tjelesnu i mi\u0161i\u0107nu napetost koja dolazi od neravnote\u017ee u \u017eiv\u010danom i endokrinom sustavu (dio po dio tijela), zatim emocionalne napetosti (razne vrste osje\u0107aja) te mentalnu napetost kojom se osloba\u0111aju suvi\u0161ne misli.<\/p>\n<p class=\"p2\">Zvukoterapijsko <strong>putovanje<\/strong> uz yoga nidru \u010desto odr\u017eavamo petkom nave\u010der u studiju te na raznim festivalima.<\/p>\n<p class=\"p2\">Za vi\u0161e detalja javite nam se na: verbasana@gmail.com.<\/p>\n\n\t\t<\/div>\n\t<\/div>\n<\/div><\/div><\/div><\/div><div class=\"vc_row wpb_row vc_row-fluid\"><div class=\"wpb_column vc_column_container vc_col-sm-12\"><div class=\"vc_column-inner\"><div class=\"wpb_wrapper\"><div class=\"wpb_gallery wpb_content_element vc_clearfix\" ><div class=\"wpb_wrapper\"><div class=\"wpb_gallery_slides wpb_image_grid\" data-interval=\"3\"><ul class=\"wpb_image_grid_ul\"><li class=\"isotope-item\"><a class=\"\" href=\"https:\/\/verbasana.com\/wp-content\/uploads\/2023\/01\/fuzine-2022-0051-851x567.jpg\" data-lightbox=\"lightbox[rel-1030-3954034380]\"><img loading=\"lazy\" decoding=\"async\" width=\"256\" height=\"144\" src=\"https:\/\/verbasana.com\/wp-content\/uploads\/2023\/01\/fuzine-2022-0051-256x144.jpg\" class=\"attachment-thumbnail\" alt=\"\" title=\"fuzine-2022-0051\" \/><\/a><\/li><li class=\"isotope-item\"><a class=\"\" href=\"https:\/\/verbasana.com\/wp-content\/uploads\/2023\/01\/fuzine-2022-0047-851x567.jpg\" data-lightbox=\"lightbox[rel-1030-3954034380]\"><img loading=\"lazy\" decoding=\"async\" width=\"256\" height=\"144\" src=\"https:\/\/verbasana.com\/wp-content\/uploads\/2023\/01\/fuzine-2022-0047-256x144.jpg\" class=\"attachment-thumbnail\" alt=\"\" title=\"fuzine-2022-0047\" \/><\/a><\/li><li class=\"isotope-item\"><a class=\"\" href=\"https:\/\/verbasana.com\/wp-content\/uploads\/2023\/01\/fuzine-2022-0019-851x567.jpg\" data-lightbox=\"lightbox[rel-1030-3954034380]\"><img loading=\"lazy\" decoding=\"async\" width=\"256\" height=\"144\" src=\"https:\/\/verbasana.com\/wp-content\/uploads\/2023\/01\/fuzine-2022-0019-256x144.jpg\" class=\"attachment-thumbnail\" alt=\"\" title=\"fuzine-2022-0019\" \/><\/a><\/li><li class=\"isotope-item\"><a class=\"\" href=\"https:\/\/verbasana.com\/wp-content\/uploads\/2023\/01\/279266252_10224250855592780_962424513619589524_n-756x567.jpg\" data-lightbox=\"lightbox[rel-1030-3954034380]\"><img loading=\"lazy\" decoding=\"async\" width=\"256\" height=\"144\" src=\"https:\/\/verbasana.com\/wp-content\/uploads\/2023\/01\/279266252_10224250855592780_962424513619589524_n-256x144.jpg\" class=\"attachment-thumbnail\" alt=\"\" title=\"279266252_10224250855592780_962424513619589524_n\" \/><\/a><\/li><\/ul><\/div><\/div><\/div><\/div><\/div><\/div><\/div>\n","protected":false},"excerpt":{"rendered":"ZVU\u010cNE KUPKE Zvukoterapija je znanje i znanost o tome kako zvu\u010dne vibracije djeluju na na\u0161e tijelo i na\u0161 duh. Kori\u0161tenjem glazbenih instrumenata i glasa zajedno&hellip;","protected":false},"author":2,"featured_media":0,"parent":807,"menu_order":0,"comment_status":"closed","ping_status":"closed","template":"","meta":{"footnotes":""},"class_list":["post-1030","page","type-page","status-publish","hentry"],"_links":{"self":[{"href":"https:\/\/verbasana.com\/en\/wp-json\/wp\/v2\/pages\/1030","targetHints":{"allow":["GET"]}}],"collection":[{"href":"https:\/\/verbasana.com\/en\/wp-json\/wp\/v2\/pages"}],"about":[{"href":"https:\/\/verbasana.com\/en\/wp-json\/wp\/v2\/types\/page"}],"author":[{"embeddable":true,"href":"https:\/\/verbasana.com\/en\/wp-json\/wp\/v2\/users\/2"}],"replies":[{"embeddable":true,"href":"https:\/\/verbasana.com\/en\/wp-json\/wp\/v2\/comments?post=1030"}],"version-history":[{"count":0,"href":"https:\/\/verbasana.com\/en\/wp-json\/wp\/v2\/pages\/1030\/revisions"}],"up":[{"embeddable":true,"href":"https:\/\/verbasana.com\/en\/wp-json\/wp\/v2\/pages\/807"}],"wp:attachment":[{"href":"https:\/\/verbasana.com\/en\/wp-json\/wp\/v2\/media?parent=1030"}],"curies":[{"name":"wp","href":"https:\/\/api.w.org\/{rel}","templated":true}]}}